{"id":21,"date":"2025-07-04T08:23:32","date_gmt":"2025-07-04T08:23:32","guid":{"rendered":"https:\/\/www.coater.com\/?page_id=21"},"modified":"2025-08-06T20:52:13","modified_gmt":"2025-08-06T20:52:13","slug":"impressao","status":"publish","type":"page","link":"https:\/\/www.coater.com\/pt\/impressum\/","title":{"rendered":"Impress\u00e3o"},"content":{"rendered":"<div data-elementor-type=\"wp-page\" data-elementor-id=\"21\" class=\"elementor elementor-21\" data-elementor-post-type=\"page\">\n\t\t\t\t<div class=\"elementor-element elementor-element-44e24a3 banner_container e-flex e-con-boxed e-con e-parent\" data-id=\"44e24a3\" data-element_type=\"container\" data-e-type=\"container\" data-settings=\"{&quot;background_background&quot;:&quot;classic&quot;}\">\n\t\t\t\t\t<div class=\"e-con-inner\">\n\t\t<div class=\"elementor-element elementor-element-40e7bba e-con-full e-flex e-con e-child\" data-id=\"40e7bba\" data-element_type=\"container\" data-e-type=\"container\">\n\t\t\t\t<div class=\"elementor-element elementor-element-eed7e7d shape_img elementor-widget elementor-widget-image\" data-id=\"eed7e7d\" data-element_type=\"widget\" data-e-type=\"widget\" data-widget_type=\"image.default\">\n\t\t\t\t\t\t\t\t\t\t\t\t\t\t\t<img fetchpriority=\"high\" decoding=\"async\" width=\"269\" height=\"269\" src=\"https:\/\/www.coater.com\/wp-content\/uploads\/2025\/07\/down-blue-shape-up.svg\" class=\"attachment-large size-large wp-image-745\" alt=\"\" \/>\t\t\t\t\t\t\t\t\t\t\t\t\t\t\t<\/div>\n\t\t<div class=\"elementor-element elementor-element-ff2beaa e-con-full banner_wraper e-flex e-con e-child\" data-id=\"ff2beaa\" data-element_type=\"container\" data-e-type=\"container\">\n\t\t\t\t<div class=\"elementor-element elementor-element-799720d banner_image elementor-widget elementor-widget-image\" data-id=\"799720d\" data-element_type=\"widget\" data-e-type=\"widget\" data-widget_type=\"image.default\">\n\t\t\t\t\t\t\t\t\t\t\t\t\t\t\t<img decoding=\"async\" width=\"1500\" height=\"420\" src=\"https:\/\/www.coater.com\/wp-content\/uploads\/2025\/07\/cubemedia_Antifouling-Beschichtung_wird_von_Handwerkern_in_weie.jpg\" class=\"attachment-large size-large wp-image-620\" alt=\"O especialista da Coater GmbH efectua o revestimento profissional de navios. Especializada em revestimentos mar\u00edtimos e prote\u00e7\u00e3o anticorrosiva.\" srcset=\"https:\/\/www.coater.com\/wp-content\/uploads\/2025\/07\/cubemedia_Antifouling-Beschichtung_wird_von_Handwerkern_in_weie.jpg 1500w, https:\/\/www.coater.com\/wp-content\/uploads\/2025\/07\/cubemedia_Antifouling-Beschichtung_wird_von_Handwerkern_in_weie-768x215.jpg 768w\" sizes=\"(max-width: 1500px) 100vw, 1500px\" \/>\t\t\t\t\t\t\t\t\t\t\t\t\t\t\t<\/div>\n\t\t<div class=\"elementor-element elementor-element-023c250 e-con-full banner_overlay e-flex e-con e-child\" data-id=\"023c250\" data-element_type=\"container\" data-e-type=\"container\">\n\t\t\t\t<\/div>\n\t\t<div class=\"elementor-element elementor-element-1b7cb6c blog_banner_wraper e-flex e-con-boxed e-con e-child\" data-id=\"1b7cb6c\" data-element_type=\"container\" data-e-type=\"container\">\n\t\t\t\t\t<div class=\"e-con-inner\">\n\t\t<div class=\"elementor-element elementor-element-7ecbb0c e-con-full e-flex e-con e-child\" data-id=\"7ecbb0c\" data-element_type=\"container\" data-e-type=\"container\">\n\t\t\t\t<div class=\"elementor-element elementor-element-e816111 elementor-widget elementor-widget-heading\" data-id=\"e816111\" data-element_type=\"widget\" data-e-type=\"widget\" data-widget_type=\"heading.default\">\n\t\t\t\t\t<h1 class=\"elementor-heading-title elementor-size-default\">Impress\u00e3o<\/h1>\t\t\t\t<\/div>\n\t\t\t\t<div class=\"elementor-element elementor-element-ebdc02f elementor-widget__width-initial elementor-widget elementor-widget-heading\" data-id=\"ebdc02f\" data-element_type=\"widget\" data-e-type=\"widget\" data-widget_type=\"heading.default\">\n\t\t\t\t\t<p class=\"elementor-heading-title elementor-size-default\">Informa\u00e7\u00f5es fi\u00e1veis e detalhes transparentes para clientes, parceiros e utilizadores.<\/p>\t\t\t\t<\/div>\n\t\t\t\t<\/div>\n\t\t\t\t\t<\/div>\n\t\t\t\t<\/div>\n\t\t\t\t<\/div>\n\t\t\t\t<\/div>\n\t\t\t\t\t<\/div>\n\t\t\t\t<\/div>\n\t\t<div class=\"elementor-element elementor-element-82bc026 e-flex e-con-boxed e-con e-parent\" data-id=\"82bc026\" data-element_type=\"container\" data-e-type=\"container\">\n\t\t\t\t\t<div class=\"e-con-inner\">\n\t\t<div class=\"elementor-element elementor-element-a570c7b e-con-full e-flex e-con e-child\" data-id=\"a570c7b\" data-element_type=\"container\" data-e-type=\"container\" data-settings=\"{&quot;background_background&quot;:&quot;classic&quot;}\">\n\t\t<div class=\"elementor-element elementor-element-a6ecdb0 e-flex e-con-boxed e-con e-child\" data-id=\"a6ecdb0\" data-element_type=\"container\" data-e-type=\"container\">\n\t\t\t\t\t<div class=\"e-con-inner\">\n\t\t<div class=\"elementor-element elementor-element-8f98bb1 e-con-full e-flex e-con e-child\" data-id=\"8f98bb1\" data-element_type=\"container\" data-e-type=\"container\">\n\t\t<div class=\"elementor-element elementor-element-01b1a85 e-con-full e-flex e-con e-child\" data-id=\"01b1a85\" data-element_type=\"container\" data-e-type=\"container\">\n\t\t\t\t<div class=\"elementor-element elementor-element-c5c58c9 elementor-widget elementor-widget-heading\" data-id=\"c5c58c9\" data-element_type=\"widget\" data-e-type=\"widget\" data-widget_type=\"heading.default\">\n\t\t\t\t\t<h2 class=\"elementor-heading-title elementor-size-default\">Contactar-nos<\/h2>\t\t\t\t<\/div>\n\t\t\t\t<\/div>\n\t\t<div class=\"elementor-element elementor-element-c7c9800 e-con-full e-flex e-con e-child\" data-id=\"c7c9800\" data-element_type=\"container\" data-e-type=\"container\">\n\t\t<div class=\"elementor-element elementor-element-3b724a7 e-con-full e-flex e-con e-child\" data-id=\"3b724a7\" data-element_type=\"container\" data-e-type=\"container\">\n\t\t<div class=\"elementor-element elementor-element-170c35d e-con-full e-flex e-con e-child\" data-id=\"170c35d\" data-element_type=\"container\" data-e-type=\"container\">\n\t\t\t\t<div class=\"elementor-element elementor-element-40110ed elementor-widget elementor-widget-heading\" data-id=\"40110ed\" data-element_type=\"widget\" data-e-type=\"widget\" data-widget_type=\"heading.default\">\n\t\t\t\t\t<h4 class=\"elementor-heading-title elementor-size-default\">Coater GmbH<\/h4>\t\t\t\t<\/div>\n\t\t\t\t<div class=\"elementor-element elementor-element-8e9cf3b elementor-widget elementor-widget-heading\" data-id=\"8e9cf3b\" data-element_type=\"widget\" data-e-type=\"widget\" data-widget_type=\"heading.default\">\n\t\t\t\t\t<p class=\"elementor-heading-title elementor-size-default\">Georgswerder Bogen 7\n21109 Hamburgo<\/p>\t\t\t\t<\/div>\n\t\t\t\t<div class=\"elementor-element elementor-element-16c203b elementor-widget elementor-widget-heading\" data-id=\"16c203b\" data-element_type=\"widget\" data-e-type=\"widget\" data-widget_type=\"heading.default\">\n\t\t\t\t\t<div class=\"elementor-heading-title elementor-size-default\"><a href=\"tel:+491743898480\">+49 174 38 98 480<\/a><\/div>\t\t\t\t<\/div>\n\t\t\t\t<div class=\"elementor-element elementor-element-d7a94c9 elementor-widget elementor-widget-heading\" data-id=\"d7a94c9\" data-element_type=\"widget\" data-e-type=\"widget\" data-widget_type=\"heading.default\">\n\t\t\t\t\t<div class=\"elementor-heading-title elementor-size-default\"><a href=\"mailto:info@coater.com\">info@coater.com<\/a><\/div>\t\t\t\t<\/div>\n\t\t\t\t<\/div>\n\t\t\t\t<\/div>\n\t\t<div class=\"elementor-element elementor-element-bae344f e-con-full e-flex e-con e-child\" data-id=\"bae344f\" data-element_type=\"container\" data-e-type=\"container\">\n\t\t<div class=\"elementor-element elementor-element-5370459 e-con-full e-flex e-con e-child\" data-id=\"5370459\" data-element_type=\"container\" data-e-type=\"container\">\n\t\t\t\t<div class=\"elementor-element elementor-element-5a98734 elementor-widget elementor-widget-heading\" data-id=\"5a98734\" data-element_type=\"widget\" data-e-type=\"widget\" data-widget_type=\"heading.default\">\n\t\t\t\t\t<h4 class=\"elementor-heading-title elementor-size-default\">DIRECTOR-GERAL<\/h4>\t\t\t\t<\/div>\n\t\t\t\t<div class=\"elementor-element elementor-element-674748d elementor-widget elementor-widget-heading\" data-id=\"674748d\" data-element_type=\"widget\" data-e-type=\"widget\" data-widget_type=\"heading.default\">\n\t\t\t\t\t<p class=\"elementor-heading-title elementor-size-default\">Chousein Giourouk<\/p>\t\t\t\t<\/div>\n\t\t\t\t<\/div>\n\t\t\t\t<\/div>\n\t\t\t\t<\/div>\n\t\t\t\t<\/div>\n\t\t\t\t\t<\/div>\n\t\t\t\t<\/div>\n\t\t\t\t<\/div>\n\t\t\t\t\t<\/div>\n\t\t\t\t<\/div>\n\t\t<div class=\"elementor-element elementor-element-d9eadf0 e-flex e-con-boxed e-con e-parent\" data-id=\"d9eadf0\" data-element_type=\"container\" data-e-type=\"container\">\n\t\t\t\t\t<div class=\"e-con-inner\">\n\t\t<div class=\"elementor-element elementor-element-1d07c1c e-con-full e-flex e-con e-child\" data-id=\"1d07c1c\" data-element_type=\"container\" data-e-type=\"container\">\n\t\t\t\t<div class=\"elementor-element elementor-element-5fe01da elementor-widget__width-initial elementor-widget-mobile_extra__width-initial elementor-widget elementor-widget-heading\" data-id=\"5fe01da\" data-element_type=\"widget\" data-e-type=\"widget\" data-widget_type=\"heading.default\">\n\t\t\t\t\t<h2 class=\"elementor-heading-title elementor-size-default\">Resolu\u00e7\u00e3o de lit\u00edgios<\/h2>\t\t\t\t<\/div>\n\t\t<div class=\"elementor-element elementor-element-301a23b e-con-full term_content_wraper e-flex e-con e-child\" data-id=\"301a23b\" data-element_type=\"container\" data-e-type=\"container\">\n\t\t\t\t<div class=\"elementor-element elementor-element-950e5af elementor-widget elementor-widget-text-editor\" data-id=\"950e5af\" data-element_type=\"widget\" data-e-type=\"widget\" data-widget_type=\"text-editor.default\">\n\t\t\t\t\t\t\t\t\t<div class=\"item\"><p>N\u00e3o estamos dispostos ou obrigados a participar em processos de resolu\u00e7\u00e3o de lit\u00edgios perante uma comiss\u00e3o de arbitragem de consumidores.<\/p><\/div><div class=\"item\">\u00a0<\/div>\t\t\t\t\t\t\t\t<\/div>\n\t\t\t\t<\/div>\n\t\t\t\t<\/div>\n\t\t<div class=\"elementor-element elementor-element-9c79aba e-con-full e-flex e-con e-child\" data-id=\"9c79aba\" data-element_type=\"container\" data-e-type=\"container\">\n\t\t\t\t<div class=\"elementor-element elementor-element-1e21f77 elementor-widget__width-initial elementor-widget elementor-widget-heading\" data-id=\"1e21f77\" data-element_type=\"widget\" data-e-type=\"widget\" data-widget_type=\"heading.default\">\n\t\t\t\t\t<h2 class=\"elementor-heading-title elementor-size-default\">Responsabilidade pelo conte\u00fado<\/h2>\t\t\t\t<\/div>\n\t\t<div class=\"elementor-element elementor-element-484a8b9 e-con-full term_content_wraper e-flex e-con e-child\" data-id=\"484a8b9\" data-element_type=\"container\" data-e-type=\"container\">\n\t\t\t\t<div class=\"elementor-element elementor-element-b8acdfd elementor-widget elementor-widget-text-editor\" data-id=\"b8acdfd\" data-element_type=\"widget\" data-e-type=\"widget\" data-widget_type=\"text-editor.default\">\n\t\t\t\t\t\t\t\t\t<p>Como prestador de servi\u00e7os, somos respons\u00e1veis pelo nosso pr\u00f3prio conte\u00fado nestas p\u00e1ginas, de acordo com o \u00a7 7 (1) DDG e a legisla\u00e7\u00e3o geral. No entanto, de acordo com os \u00a7\u00a7 8 a 10 da DDG, enquanto prestador de servi\u00e7os, n\u00e3o somos obrigados a monitorizar informa\u00e7\u00f5es transmitidas ou armazenadas de terceiros ou a investigar circunst\u00e2ncias que indiquem atividade ilegal.<\/p><p>As obriga\u00e7\u00f5es de remover ou bloquear a utiliza\u00e7\u00e3o de informa\u00e7\u00f5es, de acordo com a legisla\u00e7\u00e3o geral, n\u00e3o s\u00e3o afectadas por este facto. No entanto, a responsabilidade a este respeito s\u00f3 \u00e9 poss\u00edvel a partir do momento em que tomamos conhecimento de uma infra\u00e7\u00e3o espec\u00edfica. Assim que tivermos conhecimento de tais infrac\u00e7\u00f5es, removeremos imediatamente esse conte\u00fado.<\/p>\t\t\t\t\t\t\t\t<\/div>\n\t\t\t\t<\/div>\n\t\t\t\t<\/div>\n\t\t<div class=\"elementor-element elementor-element-a3f755c e-con-full e-flex e-con e-child\" data-id=\"a3f755c\" data-element_type=\"container\" data-e-type=\"container\">\n\t\t\t\t<div class=\"elementor-element elementor-element-8381a92 elementor-widget__width-initial elementor-widget elementor-widget-heading\" data-id=\"8381a92\" data-element_type=\"widget\" data-e-type=\"widget\" data-widget_type=\"heading.default\">\n\t\t\t\t\t<h2 class=\"elementor-heading-title elementor-size-default\">Responsabilidade pelas liga\u00e7\u00f5es<\/h2>\t\t\t\t<\/div>\n\t\t<div class=\"elementor-element elementor-element-ff214ed e-con-full term_content_wraper e-flex e-con e-child\" data-id=\"ff214ed\" data-element_type=\"container\" data-e-type=\"container\">\n\t\t\t\t<div class=\"elementor-element elementor-element-33d0fdf elementor-widget elementor-widget-text-editor\" data-id=\"33d0fdf\" data-element_type=\"widget\" data-e-type=\"widget\" data-widget_type=\"text-editor.default\">\n\t\t\t\t\t\t\t\t\t<p>O nosso s\u00edtio Web cont\u00e9m liga\u00e7\u00f5es para s\u00edtios Web externos de terceiros sobre cujo conte\u00fado n\u00e3o temos qualquer influ\u00eancia. Por conseguinte, n\u00e3o podemos aceitar qualquer responsabilidade por este conte\u00fado de terceiros. O respetivo fornecedor ou operador das p\u00e1ginas \u00e9 sempre respons\u00e1vel pelo conte\u00fado das p\u00e1ginas ligadas. As p\u00e1ginas ligadas foram verificadas quanto a poss\u00edveis viola\u00e7\u00f5es legais no momento da liga\u00e7\u00e3o. N\u00e3o foram detectados conte\u00fados ilegais no momento da liga\u00e7\u00e3o.<\/p>\t\t\t\t\t\t\t\t<\/div>\n\t\t\t\t<\/div>\n\t\t\t\t<\/div>\n\t\t<div class=\"elementor-element elementor-element-a251ed6 e-con-full e-flex e-con e-child\" data-id=\"a251ed6\" data-element_type=\"container\" data-e-type=\"container\">\n\t\t\t\t<div class=\"elementor-element elementor-element-da475da elementor-widget__width-initial elementor-widget elementor-widget-heading\" data-id=\"da475da\" data-element_type=\"widget\" data-e-type=\"widget\" data-widget_type=\"heading.default\">\n\t\t\t\t\t<h2 class=\"elementor-heading-title elementor-size-default\">DIREITOS DE AUTOR<\/h2>\t\t\t\t<\/div>\n\t\t<div class=\"elementor-element elementor-element-5aee964 e-con-full term_content_wraper e-flex e-con e-child\" data-id=\"5aee964\" data-element_type=\"container\" data-e-type=\"container\">\n\t\t\t\t<div class=\"elementor-element elementor-element-2787734 elementor-widget elementor-widget-text-editor\" data-id=\"2787734\" data-element_type=\"widget\" data-e-type=\"widget\" data-widget_type=\"text-editor.default\">\n\t\t\t\t\t\t\t\t\t<p>O conte\u00fado e os trabalhos criados pelos operadores do s\u00edtio nestas p\u00e1ginas est\u00e3o sujeitos \u00e0 lei alem\u00e3 dos direitos de autor. A duplica\u00e7\u00e3o, processamento, distribui\u00e7\u00e3o e qualquer tipo de utiliza\u00e7\u00e3o fora dos limites da lei de direitos de autor requerem o consentimento escrito do respetivo autor ou criador. Os downloads e c\u00f3pias deste s\u00edtio s\u00f3 s\u00e3o permitidos para uso privado e n\u00e3o comercial.<\/p><p>Na medida em que o conte\u00fado deste s\u00edtio n\u00e3o foi criado pelo operador, os direitos de autor de terceiros s\u00e3o respeitados. Em particular, os conte\u00fados de terceiros s\u00e3o assinalados como tal. Se, no entanto, tiver conhecimento de uma infra\u00e7\u00e3o aos direitos de autor, informe-nos. Se tivermos conhecimento de quaisquer infrac\u00e7\u00f5es, removeremos imediatamente esses conte\u00fados.<\/p><p>No entanto, o controlo permanente do conte\u00fado das p\u00e1ginas ligadas n\u00e3o \u00e9 razo\u00e1vel sem provas concretas de uma infra\u00e7\u00e3o. Se tivermos conhecimento de quaisquer infrac\u00e7\u00f5es legais, removeremos imediatamente essas liga\u00e7\u00f5es.<\/p>\t\t\t\t\t\t\t\t<\/div>\n\t\t\t\t<\/div>\n\t\t\t\t<\/div>\n\t\t\t\t\t<\/div>\n\t\t\t\t<\/div>\n\t\t\t\t<\/div>","protected":false},"excerpt":{"rendered":"<p>Impressum Verl\u00e4ssliche Informationen und transparente Angaben f\u00fcr Kunden, Partner und Nutzer. Kontakt Coater GmbH Georgswerder Bogen 7 21109 Hamburg +49 174 38 98 480 info@coater.com GESCH\u00c4FTSF\u00dcHRER Chousein Giourouk Streitschlichtung Wir sind nicht bereit oder verpflichtet, an Streitbeilegungsverfahren vor einer Verbraucherschlichtungsstelle teilzunehmen. \u00a0 Haftung f\u00fcr Inhalte Als Diensteanbieter sind wir gem\u00e4\u00df \u00a7 7 Abs.1 DDG f\u00fcr [&hellip;]<\/p>\n","protected":false},"author":1,"featured_media":0,"parent":0,"menu_order":0,"comment_status":"closed","ping_status":"closed","template":"elementor_header_footer","meta":{"_acf_changed":false,"footnotes":""},"class_list":["post-21","page","type-page","status-publish","hentry"],"acf":[],"yoast_head":"<!-- This site is optimized with the Yoast SEO plugin v27.3 - https:\/\/yoast.com\/product\/yoast-seo-wordpress\/ -->\n<title>Impressum - COATER | Premium Beschichtungsl\u00f6sungen mit h\u00f6chster Pr\u00e4zision<\/title>\n<meta name=\"robots\" content=\"index, follow, max-snippet:-1, max-image-preview:large, max-video-preview:-1\" \/>\n<link rel=\"canonical\" href=\"https:\/\/www.coater.com\/pt\/impressao\/\" \/>\n<meta property=\"og:locale\" content=\"pt_PT\" \/>\n<meta property=\"og:type\" content=\"article\" \/>\n<meta property=\"og:title\" content=\"Impressum - COATER | Premium Beschichtungsl\u00f6sungen mit h\u00f6chster Pr\u00e4zision\" \/>\n<meta property=\"og:description\" content=\"Impressum Verl\u00e4ssliche Informationen und transparente Angaben f\u00fcr Kunden, Partner und Nutzer. Kontakt Coater GmbH Georgswerder Bogen 7 21109 Hamburg +49 174 38 98 480 info@coater.com GESCH\u00c4FTSF\u00dcHRER Chousein Giourouk Streitschlichtung Wir sind nicht bereit oder verpflichtet, an Streitbeilegungsverfahren vor einer Verbraucherschlichtungsstelle teilzunehmen. \u00a0 Haftung f\u00fcr Inhalte Als Diensteanbieter sind wir gem\u00e4\u00df \u00a7 7 Abs.1 DDG f\u00fcr [&hellip;]\" \/>\n<meta property=\"og:url\" content=\"https:\/\/www.coater.com\/pt\/impressao\/\" \/>\n<meta property=\"og:site_name\" content=\"COATER | Premium Beschichtungsl\u00f6sungen mit h\u00f6chster Pr\u00e4zision\" \/>\n<meta property=\"article:modified_time\" content=\"2025-08-06T20:52:13+00:00\" \/>\n<meta property=\"og:image\" content=\"https:\/\/www.coater.com\/wp-content\/uploads\/2025\/07\/down-blue-shape-up.svg\" \/>\n<meta name=\"twitter:card\" content=\"summary_large_image\" \/>\n<meta name=\"twitter:label1\" content=\"Tempo estimado de leitura\" \/>\n\t<meta name=\"twitter:data1\" content=\"2 minutos\" \/>\n<script type=\"application\/ld+json\" class=\"yoast-schema-graph\">{\"@context\":\"https:\\\/\\\/schema.org\",\"@graph\":[{\"@type\":\"WebPage\",\"@id\":\"https:\\\/\\\/www.coater.com\\\/impressum\\\/\",\"url\":\"https:\\\/\\\/www.coater.com\\\/impressum\\\/\",\"name\":\"Impressum - COATER | Premium Beschichtungsl\u00f6sungen mit h\u00f6chster Pr\u00e4zision\",\"isPartOf\":{\"@id\":\"https:\\\/\\\/www.coater.com\\\/#website\"},\"primaryImageOfPage\":{\"@id\":\"https:\\\/\\\/www.coater.com\\\/impressum\\\/#primaryimage\"},\"image\":{\"@id\":\"https:\\\/\\\/www.coater.com\\\/impressum\\\/#primaryimage\"},\"thumbnailUrl\":\"https:\\\/\\\/www.coater.com\\\/wp-content\\\/uploads\\\/2025\\\/07\\\/down-blue-shape-up.svg\",\"datePublished\":\"2025-07-04T08:23:32+00:00\",\"dateModified\":\"2025-08-06T20:52:13+00:00\",\"breadcrumb\":{\"@id\":\"https:\\\/\\\/www.coater.com\\\/impressum\\\/#breadcrumb\"},\"inLanguage\":\"pt-PT\",\"potentialAction\":[{\"@type\":\"ReadAction\",\"target\":[\"https:\\\/\\\/www.coater.com\\\/impressum\\\/\"]}]},{\"@type\":\"ImageObject\",\"inLanguage\":\"pt-PT\",\"@id\":\"https:\\\/\\\/www.coater.com\\\/impressum\\\/#primaryimage\",\"url\":\"https:\\\/\\\/www.coater.com\\\/wp-content\\\/uploads\\\/2025\\\/07\\\/down-blue-shape-up.svg\",\"contentUrl\":\"https:\\\/\\\/www.coater.com\\\/wp-content\\\/uploads\\\/2025\\\/07\\\/down-blue-shape-up.svg\"},{\"@type\":\"BreadcrumbList\",\"@id\":\"https:\\\/\\\/www.coater.com\\\/impressum\\\/#breadcrumb\",\"itemListElement\":[{\"@type\":\"ListItem\",\"position\":1,\"name\":\"Home\",\"item\":\"https:\\\/\\\/www.coater.com\\\/\"},{\"@type\":\"ListItem\",\"position\":2,\"name\":\"Impressum\"}]},{\"@type\":\"WebSite\",\"@id\":\"https:\\\/\\\/www.coater.com\\\/#website\",\"url\":\"https:\\\/\\\/www.coater.com\\\/\",\"name\":\"COATER | Premium Beschichtungsl\u00f6sungen mit h\u00f6chster Pr\u00e4zision\",\"description\":\"Spezialist f\u00fcr industrielle Hochleistungsbeschichtungen. ISO-zertifizierte L\u00f6sungen f\u00fcr Schifffahrt, Luftfahrt, Industrie, Infrastruktur &amp; Raumfahrttechnik.\",\"potentialAction\":[{\"@type\":\"SearchAction\",\"target\":{\"@type\":\"EntryPoint\",\"urlTemplate\":\"https:\\\/\\\/www.coater.com\\\/?s={search_term_string}\"},\"query-input\":{\"@type\":\"PropertyValueSpecification\",\"valueRequired\":true,\"valueName\":\"search_term_string\"}}],\"inLanguage\":\"pt-PT\"}]}<\/script>\n<!-- \/ Yoast SEO plugin. -->","yoast_head_json":{"title":"Imprint - COATER | Solu\u00e7\u00f5es de revestimento de alta qualidade com a m\u00e1xima precis\u00e3o","robots":{"index":"index","follow":"follow","max-snippet":"max-snippet:-1","max-image-preview":"max-image-preview:large","max-video-preview":"max-video-preview:-1"},"canonical":"https:\/\/www.coater.com\/pt\/impressao\/","og_locale":"pt_PT","og_type":"article","og_title":"Impressum - COATER | Premium Beschichtungsl\u00f6sungen mit h\u00f6chster Pr\u00e4zision","og_description":"Impressum Verl\u00e4ssliche Informationen und transparente Angaben f\u00fcr Kunden, Partner und Nutzer. Kontakt Coater GmbH Georgswerder Bogen 7 21109 Hamburg +49 174 38 98 480 info@coater.com GESCH\u00c4FTSF\u00dcHRER Chousein Giourouk Streitschlichtung Wir sind nicht bereit oder verpflichtet, an Streitbeilegungsverfahren vor einer Verbraucherschlichtungsstelle teilzunehmen. \u00a0 Haftung f\u00fcr Inhalte Als Diensteanbieter sind wir gem\u00e4\u00df \u00a7 7 Abs.1 DDG f\u00fcr [&hellip;]","og_url":"https:\/\/www.coater.com\/pt\/impressao\/","og_site_name":"COATER | Premium Beschichtungsl\u00f6sungen mit h\u00f6chster Pr\u00e4zision","article_modified_time":"2025-08-06T20:52:13+00:00","og_image":[{"url":"https:\/\/www.coater.com\/wp-content\/uploads\/2025\/07\/down-blue-shape-up.svg","type":"","width":"","height":""}],"twitter_card":"summary_large_image","twitter_misc":{"Tempo estimado de leitura":"2 minutos"},"schema":{"@context":"https:\/\/schema.org","@graph":[{"@type":"WebPage","@id":"https:\/\/www.coater.com\/impressum\/","url":"https:\/\/www.coater.com\/impressum\/","name":"Imprint - COATER | Solu\u00e7\u00f5es de revestimento de alta qualidade com a m\u00e1xima precis\u00e3o","isPartOf":{"@id":"https:\/\/www.coater.com\/#website"},"primaryImageOfPage":{"@id":"https:\/\/www.coater.com\/impressum\/#primaryimage"},"image":{"@id":"https:\/\/www.coater.com\/impressum\/#primaryimage"},"thumbnailUrl":"https:\/\/www.coater.com\/wp-content\/uploads\/2025\/07\/down-blue-shape-up.svg","datePublished":"2025-07-04T08:23:32+00:00","dateModified":"2025-08-06T20:52:13+00:00","breadcrumb":{"@id":"https:\/\/www.coater.com\/impressum\/#breadcrumb"},"inLanguage":"pt-PT","potentialAction":[{"@type":"ReadAction","target":["https:\/\/www.coater.com\/impressum\/"]}]},{"@type":"ImageObject","inLanguage":"pt-PT","@id":"https:\/\/www.coater.com\/impressum\/#primaryimage","url":"https:\/\/www.coater.com\/wp-content\/uploads\/2025\/07\/down-blue-shape-up.svg","contentUrl":"https:\/\/www.coater.com\/wp-content\/uploads\/2025\/07\/down-blue-shape-up.svg"},{"@type":"BreadcrumbList","@id":"https:\/\/www.coater.com\/impressum\/#breadcrumb","itemListElement":[{"@type":"ListItem","position":1,"name":"Home","item":"https:\/\/www.coater.com\/"},{"@type":"ListItem","position":2,"name":"Impressum"}]},{"@type":"WebSite","@id":"https:\/\/www.coater.com\/#website","url":"https:\/\/www.coater.com\/","name":"COATER | Solu\u00e7\u00f5es de revestimento de alta qualidade com a m\u00e1xima precis\u00e3o","description":"Especialista em revestimentos industriais de alto desempenho. Solu\u00e7\u00f5es com certifica\u00e7\u00e3o ISO para a navega\u00e7\u00e3o, avia\u00e7\u00e3o, ind\u00fastria, infra-estruturas e tecnologia aeroespacial.","potentialAction":[{"@type":"SearchAction","target":{"@type":"EntryPoint","urlTemplate":"https:\/\/www.coater.com\/?s={search_term_string}"},"query-input":{"@type":"PropertyValueSpecification","valueRequired":true,"valueName":"search_term_string"}}],"inLanguage":"pt-PT"}]}},"_links":{"self":[{"href":"https:\/\/www.coater.com\/pt\/wp-json\/wp\/v2\/pages\/21","targetHints":{"allow":["GET"]}}],"collection":[{"href":"https:\/\/www.coater.com\/pt\/wp-json\/wp\/v2\/pages"}],"about":[{"href":"https:\/\/www.coater.com\/pt\/wp-json\/wp\/v2\/types\/page"}],"author":[{"embeddable":true,"href":"https:\/\/www.coater.com\/pt\/wp-json\/wp\/v2\/users\/1"}],"replies":[{"embeddable":true,"href":"https:\/\/www.coater.com\/pt\/wp-json\/wp\/v2\/comments?post=21"}],"version-history":[{"count":0,"href":"https:\/\/www.coater.com\/pt\/wp-json\/wp\/v2\/pages\/21\/revisions"}],"wp:attachment":[{"href":"https:\/\/www.coater.com\/pt\/wp-json\/wp\/v2\/media?parent=21"}],"curies":[{"name":"wp","href":"https:\/\/api.w.org\/{rel}","templated":true}]}}