{"id":21,"date":"2025-07-04T08:23:32","date_gmt":"2025-07-04T08:23:32","guid":{"rendered":"https:\/\/www.coater.com\/?page_id=21"},"modified":"2025-08-06T20:52:13","modified_gmt":"2025-08-06T20:52:13","slug":"otisak","status":"publish","type":"page","link":"https:\/\/www.coater.com\/hr\/impressum\/","title":{"rendered":"otisak"},"content":{"rendered":"<div data-elementor-type=\"wp-page\" data-elementor-id=\"21\" class=\"elementor elementor-21\" data-elementor-post-type=\"page\">\n\t\t\t\t<div class=\"elementor-element elementor-element-44e24a3 banner_container e-flex e-con-boxed e-con e-parent\" data-id=\"44e24a3\" data-element_type=\"container\" data-e-type=\"container\" data-settings=\"{&quot;background_background&quot;:&quot;classic&quot;}\">\n\t\t\t\t\t<div class=\"e-con-inner\">\n\t\t<div class=\"elementor-element elementor-element-40e7bba e-con-full e-flex e-con e-child\" data-id=\"40e7bba\" data-element_type=\"container\" data-e-type=\"container\">\n\t\t\t\t<div class=\"elementor-element elementor-element-eed7e7d shape_img elementor-widget elementor-widget-image\" data-id=\"eed7e7d\" data-element_type=\"widget\" data-e-type=\"widget\" data-widget_type=\"image.default\">\n\t\t\t\t\t\t\t\t\t\t\t\t\t\t\t<img fetchpriority=\"high\" decoding=\"async\" width=\"269\" height=\"269\" src=\"https:\/\/www.coater.com\/wp-content\/uploads\/2025\/07\/down-blue-shape-up.svg\" class=\"attachment-large size-large wp-image-745\" alt=\"\" \/>\t\t\t\t\t\t\t\t\t\t\t\t\t\t\t<\/div>\n\t\t<div class=\"elementor-element elementor-element-ff2beaa e-con-full banner_wraper e-flex e-con e-child\" data-id=\"ff2beaa\" data-element_type=\"container\" data-e-type=\"container\">\n\t\t\t\t<div class=\"elementor-element elementor-element-799720d banner_image elementor-widget elementor-widget-image\" data-id=\"799720d\" data-element_type=\"widget\" data-e-type=\"widget\" data-widget_type=\"image.default\">\n\t\t\t\t\t\t\t\t\t\t\t\t\t\t\t<img decoding=\"async\" width=\"1500\" height=\"420\" src=\"https:\/\/www.coater.com\/wp-content\/uploads\/2025\/07\/cubemedia_Antifouling-Beschichtung_wird_von_Handwerkern_in_weie.jpg\" class=\"attachment-large size-large wp-image-620\" alt=\"Specijalist tvrtke Coater GmbH izvodi profesionalne premaze za brodove. Specijalizirao se za premaze za plovila i za\u0161titu od korozije.\" srcset=\"https:\/\/www.coater.com\/wp-content\/uploads\/2025\/07\/cubemedia_Antifouling-Beschichtung_wird_von_Handwerkern_in_weie.jpg 1500w, https:\/\/www.coater.com\/wp-content\/uploads\/2025\/07\/cubemedia_Antifouling-Beschichtung_wird_von_Handwerkern_in_weie-768x215.jpg 768w\" sizes=\"(max-width: 1500px) 100vw, 1500px\" \/>\t\t\t\t\t\t\t\t\t\t\t\t\t\t\t<\/div>\n\t\t<div class=\"elementor-element elementor-element-023c250 e-con-full banner_overlay e-flex e-con e-child\" data-id=\"023c250\" data-element_type=\"container\" data-e-type=\"container\">\n\t\t\t\t<\/div>\n\t\t<div class=\"elementor-element elementor-element-1b7cb6c blog_banner_wraper e-flex e-con-boxed e-con e-child\" data-id=\"1b7cb6c\" data-element_type=\"container\" data-e-type=\"container\">\n\t\t\t\t\t<div class=\"e-con-inner\">\n\t\t<div class=\"elementor-element elementor-element-7ecbb0c e-con-full e-flex e-con e-child\" data-id=\"7ecbb0c\" data-element_type=\"container\" data-e-type=\"container\">\n\t\t\t\t<div class=\"elementor-element elementor-element-e816111 elementor-widget elementor-widget-heading\" data-id=\"e816111\" data-element_type=\"widget\" data-e-type=\"widget\" data-widget_type=\"heading.default\">\n\t\t\t\t\t<h1 class=\"elementor-heading-title elementor-size-default\">otisak<\/h1>\t\t\t\t<\/div>\n\t\t\t\t<div class=\"elementor-element elementor-element-ebdc02f elementor-widget__width-initial elementor-widget elementor-widget-heading\" data-id=\"ebdc02f\" data-element_type=\"widget\" data-e-type=\"widget\" data-widget_type=\"heading.default\">\n\t\t\t\t\t<p class=\"elementor-heading-title elementor-size-default\">Pouzdane informacije i transparentni detalji za kupce, partnere i korisnike.<\/p>\t\t\t\t<\/div>\n\t\t\t\t<\/div>\n\t\t\t\t\t<\/div>\n\t\t\t\t<\/div>\n\t\t\t\t<\/div>\n\t\t\t\t<\/div>\n\t\t\t\t\t<\/div>\n\t\t\t\t<\/div>\n\t\t<div class=\"elementor-element elementor-element-82bc026 e-flex e-con-boxed e-con e-parent\" data-id=\"82bc026\" data-element_type=\"container\" data-e-type=\"container\">\n\t\t\t\t\t<div class=\"e-con-inner\">\n\t\t<div class=\"elementor-element elementor-element-a570c7b e-con-full e-flex e-con e-child\" data-id=\"a570c7b\" data-element_type=\"container\" data-e-type=\"container\" data-settings=\"{&quot;background_background&quot;:&quot;classic&quot;}\">\n\t\t<div class=\"elementor-element elementor-element-a6ecdb0 e-flex e-con-boxed e-con e-child\" data-id=\"a6ecdb0\" data-element_type=\"container\" data-e-type=\"container\">\n\t\t\t\t\t<div class=\"e-con-inner\">\n\t\t<div class=\"elementor-element elementor-element-8f98bb1 e-con-full e-flex e-con e-child\" data-id=\"8f98bb1\" data-element_type=\"container\" data-e-type=\"container\">\n\t\t<div class=\"elementor-element elementor-element-01b1a85 e-con-full e-flex e-con e-child\" data-id=\"01b1a85\" data-element_type=\"container\" data-e-type=\"container\">\n\t\t\t\t<div class=\"elementor-element elementor-element-c5c58c9 elementor-widget elementor-widget-heading\" data-id=\"c5c58c9\" data-element_type=\"widget\" data-e-type=\"widget\" data-widget_type=\"heading.default\">\n\t\t\t\t\t<h2 class=\"elementor-heading-title elementor-size-default\">kontakt<\/h2>\t\t\t\t<\/div>\n\t\t\t\t<\/div>\n\t\t<div class=\"elementor-element elementor-element-c7c9800 e-con-full e-flex e-con e-child\" data-id=\"c7c9800\" data-element_type=\"container\" data-e-type=\"container\">\n\t\t<div class=\"elementor-element elementor-element-3b724a7 e-con-full e-flex e-con e-child\" data-id=\"3b724a7\" data-element_type=\"container\" data-e-type=\"container\">\n\t\t<div class=\"elementor-element elementor-element-170c35d e-con-full e-flex e-con e-child\" data-id=\"170c35d\" data-element_type=\"container\" data-e-type=\"container\">\n\t\t\t\t<div class=\"elementor-element elementor-element-40110ed elementor-widget elementor-widget-heading\" data-id=\"40110ed\" data-element_type=\"widget\" data-e-type=\"widget\" data-widget_type=\"heading.default\">\n\t\t\t\t\t<h4 class=\"elementor-heading-title elementor-size-default\">Coater GmbH<\/h4>\t\t\t\t<\/div>\n\t\t\t\t<div class=\"elementor-element elementor-element-8e9cf3b elementor-widget elementor-widget-heading\" data-id=\"8e9cf3b\" data-element_type=\"widget\" data-e-type=\"widget\" data-widget_type=\"heading.default\">\n\t\t\t\t\t<p class=\"elementor-heading-title elementor-size-default\">Georgswerder Bogen 7 21109 Hamburg<\/p>\t\t\t\t<\/div>\n\t\t\t\t<div class=\"elementor-element elementor-element-16c203b elementor-widget elementor-widget-heading\" data-id=\"16c203b\" data-element_type=\"widget\" data-e-type=\"widget\" data-widget_type=\"heading.default\">\n\t\t\t\t\t<div class=\"elementor-heading-title elementor-size-default\"><a href=\"tel:+491743898480\">+49 174 38 98 480<\/a><\/div>\t\t\t\t<\/div>\n\t\t\t\t<div class=\"elementor-element elementor-element-d7a94c9 elementor-widget elementor-widget-heading\" data-id=\"d7a94c9\" data-element_type=\"widget\" data-e-type=\"widget\" data-widget_type=\"heading.default\">\n\t\t\t\t\t<div class=\"elementor-heading-title elementor-size-default\"><a href=\"mailto:info@coater.com\">info@coater.com<\/a><\/div>\t\t\t\t<\/div>\n\t\t\t\t<\/div>\n\t\t\t\t<\/div>\n\t\t<div class=\"elementor-element elementor-element-bae344f e-con-full e-flex e-con e-child\" data-id=\"bae344f\" data-element_type=\"container\" data-e-type=\"container\">\n\t\t<div class=\"elementor-element elementor-element-5370459 e-con-full e-flex e-con e-child\" data-id=\"5370459\" data-element_type=\"container\" data-e-type=\"container\">\n\t\t\t\t<div class=\"elementor-element elementor-element-5a98734 elementor-widget elementor-widget-heading\" data-id=\"5a98734\" data-element_type=\"widget\" data-e-type=\"widget\" data-widget_type=\"heading.default\">\n\t\t\t\t\t<h4 class=\"elementor-heading-title elementor-size-default\">GENERALNI DIREKTOR<\/h4>\t\t\t\t<\/div>\n\t\t\t\t<div class=\"elementor-element elementor-element-674748d elementor-widget elementor-widget-heading\" data-id=\"674748d\" data-element_type=\"widget\" data-e-type=\"widget\" data-widget_type=\"heading.default\">\n\t\t\t\t\t<p class=\"elementor-heading-title elementor-size-default\">Chousein Giourouk<\/p>\t\t\t\t<\/div>\n\t\t\t\t<\/div>\n\t\t\t\t<\/div>\n\t\t\t\t<\/div>\n\t\t\t\t<\/div>\n\t\t\t\t\t<\/div>\n\t\t\t\t<\/div>\n\t\t\t\t<\/div>\n\t\t\t\t\t<\/div>\n\t\t\t\t<\/div>\n\t\t<div class=\"elementor-element elementor-element-d9eadf0 e-flex e-con-boxed e-con e-parent\" data-id=\"d9eadf0\" data-element_type=\"container\" data-e-type=\"container\">\n\t\t\t\t\t<div class=\"e-con-inner\">\n\t\t<div class=\"elementor-element elementor-element-1d07c1c e-con-full e-flex e-con e-child\" data-id=\"1d07c1c\" data-element_type=\"container\" data-e-type=\"container\">\n\t\t\t\t<div class=\"elementor-element elementor-element-5fe01da elementor-widget__width-initial elementor-widget-mobile_extra__width-initial elementor-widget elementor-widget-heading\" data-id=\"5fe01da\" data-element_type=\"widget\" data-e-type=\"widget\" data-widget_type=\"heading.default\">\n\t\t\t\t\t<h2 class=\"elementor-heading-title elementor-size-default\">Rje\u0161avanje sporova<\/h2>\t\t\t\t<\/div>\n\t\t<div class=\"elementor-element elementor-element-301a23b e-con-full term_content_wraper e-flex e-con e-child\" data-id=\"301a23b\" data-element_type=\"container\" data-e-type=\"container\">\n\t\t\t\t<div class=\"elementor-element elementor-element-950e5af elementor-widget elementor-widget-text-editor\" data-id=\"950e5af\" data-element_type=\"widget\" data-e-type=\"widget\" data-widget_type=\"text-editor.default\">\n\t\t\t\t\t\t\t\t\t<div class=\"item\"><p>Nismo voljni niti obvezni sudjelovati u postupcima rje\u0161avanja sporova pred arbitra\u017enim odborom za potro\u0161a\u010de.<\/p><\/div><div class=\"item\">\u00a0<\/div>\t\t\t\t\t\t\t\t<\/div>\n\t\t\t\t<\/div>\n\t\t\t\t<\/div>\n\t\t<div class=\"elementor-element elementor-element-9c79aba e-con-full e-flex e-con e-child\" data-id=\"9c79aba\" data-element_type=\"container\" data-e-type=\"container\">\n\t\t\t\t<div class=\"elementor-element elementor-element-1e21f77 elementor-widget__width-initial elementor-widget elementor-widget-heading\" data-id=\"1e21f77\" data-element_type=\"widget\" data-e-type=\"widget\" data-widget_type=\"heading.default\">\n\t\t\t\t\t<h2 class=\"elementor-heading-title elementor-size-default\">Odgovornost za sadr\u017eaj<\/h2>\t\t\t\t<\/div>\n\t\t<div class=\"elementor-element elementor-element-484a8b9 e-con-full term_content_wraper e-flex e-con e-child\" data-id=\"484a8b9\" data-element_type=\"container\" data-e-type=\"container\">\n\t\t\t\t<div class=\"elementor-element elementor-element-b8acdfd elementor-widget elementor-widget-text-editor\" data-id=\"b8acdfd\" data-element_type=\"widget\" data-e-type=\"widget\" data-widget_type=\"text-editor.default\">\n\t\t\t\t\t\t\t\t\t<p>Kao pru\u017eatelj usluga, pravno smo odgovorni za vlastiti sadr\u017eaj na ovim web stranicama, u skladu s \u010dlankom 7. stavkom 1. njema\u010dkog Zakona o za\u0161titi podataka (DDG). Me\u0111utim, prema \u010dlancima 8. do 10. DDG-a, kao pru\u017eatelji usluga nismo obvezni pratiti dostavljene ili pohranjene informacije tre\u0107ih strana ili istra\u017eivati okolnosti koje ukazuju na nezakonite aktivnosti.<\/p><p>Obveze uklanjanja ili blokiranja kori\u0161tenja informacija prema op\u0107em zakonu ostaju nepromijenjene. Me\u0111utim, odgovornost u tom pogledu mogu\u0107a je samo u trenutku saznanja o odre\u0111enom kr\u0161enju zakona. Nakon \u0161to postanemo svjesni takvih kr\u0161enja, odmah \u0107emo ukloniti takav sadr\u017eaj.<\/p>\t\t\t\t\t\t\t\t<\/div>\n\t\t\t\t<\/div>\n\t\t\t\t<\/div>\n\t\t<div class=\"elementor-element elementor-element-a3f755c e-con-full e-flex e-con e-child\" data-id=\"a3f755c\" data-element_type=\"container\" data-e-type=\"container\">\n\t\t\t\t<div class=\"elementor-element elementor-element-8381a92 elementor-widget__width-initial elementor-widget elementor-widget-heading\" data-id=\"8381a92\" data-element_type=\"widget\" data-e-type=\"widget\" data-widget_type=\"heading.default\">\n\t\t\t\t\t<h2 class=\"elementor-heading-title elementor-size-default\">Odgovornost za poveznice<\/h2>\t\t\t\t<\/div>\n\t\t<div class=\"elementor-element elementor-element-ff214ed e-con-full term_content_wraper e-flex e-con e-child\" data-id=\"ff214ed\" data-element_type=\"container\" data-e-type=\"container\">\n\t\t\t\t<div class=\"elementor-element elementor-element-33d0fdf elementor-widget elementor-widget-text-editor\" data-id=\"33d0fdf\" data-element_type=\"widget\" data-e-type=\"widget\" data-widget_type=\"text-editor.default\">\n\t\t\t\t\t\t\t\t\t<p>Na\u0161a web stranica sadr\u017ei poveznice na vanjske web stranice tre\u0107ih strana na \u010diji sadr\u017eaj nemamo utjecaj. Stoga ne mo\u017eemo preuzeti nikakvu odgovornost za taj vanjski sadr\u017eaj. Za sadr\u017eaj povezanih stranica uvijek je odgovoran odgovaraju\u0107i pru\u017eatelj usluga ili operater povezanih stranica. Povezane stranice su u trenutku povezivanja pregledane radi mogu\u0107ih kr\u0161enja zakona. U trenutku povezivanja nije bio vidljiv nikakav nezakonit sadr\u017eaj.<\/p>\t\t\t\t\t\t\t\t<\/div>\n\t\t\t\t<\/div>\n\t\t\t\t<\/div>\n\t\t<div class=\"elementor-element elementor-element-a251ed6 e-con-full e-flex e-con e-child\" data-id=\"a251ed6\" data-element_type=\"container\" data-e-type=\"container\">\n\t\t\t\t<div class=\"elementor-element elementor-element-da475da elementor-widget__width-initial elementor-widget elementor-widget-heading\" data-id=\"da475da\" data-element_type=\"widget\" data-e-type=\"widget\" data-widget_type=\"heading.default\">\n\t\t\t\t\t<h2 class=\"elementor-heading-title elementor-size-default\">AUTORSKA PRAVA<\/h2>\t\t\t\t<\/div>\n\t\t<div class=\"elementor-element elementor-element-5aee964 e-con-full term_content_wraper e-flex e-con e-child\" data-id=\"5aee964\" data-element_type=\"container\" data-e-type=\"container\">\n\t\t\t\t<div class=\"elementor-element elementor-element-2787734 elementor-widget elementor-widget-text-editor\" data-id=\"2787734\" data-element_type=\"widget\" data-e-type=\"widget\" data-widget_type=\"text-editor.default\">\n\t\t\t\t\t\t\t\t\t<p>Sadr\u017eaj i djela na ovim stranicama koje su kreirali operateri stranice podlije\u017eu njema\u010dkom zakonu o autorskim pravima. Reprodukcija, obrada, distribucija i svaki oblik iskori\u0161tavanja izvan granica zakona o autorskim pravima zahtijevaju pismenu suglasnost odgovaraju\u0107eg autora ili kreatora. Preuzimanja i kopije ove stranice dopu\u0161tene su samo za privatnu, nekomercijalnu upotrebu.<\/p><p>U mjeri u kojoj sadr\u017eaj na ovoj stranici nije kreirao operater, po\u0161tuju se autorska prava tre\u0107ih strana. Posebno je sadr\u017eaj tre\u0107ih strana ozna\u010den kao takav. Ako ipak postanete svjesni kr\u0161enja autorskih prava, molimo vas da nas o tome obavijestite. Nakon obavijesti o takvim kr\u0161enjima, odmah \u0107emo ukloniti takav sadr\u017eaj.<\/p><p>Me\u0111utim, trajno pra\u0107enje sadr\u017eaja povezanih stranica nije razumno bez konkretnih dokaza o kr\u0161enju zakona. Nakon obavijesti o bilo kakvom kr\u0161enju zakona, odmah \u0107emo ukloniti takve poveznice.<\/p>\t\t\t\t\t\t\t\t<\/div>\n\t\t\t\t<\/div>\n\t\t\t\t<\/div>\n\t\t\t\t\t<\/div>\n\t\t\t\t<\/div>\n\t\t\t\t<\/div>","protected":false},"excerpt":{"rendered":"<p>Impressum Verl\u00e4ssliche Informationen und transparente Angaben f\u00fcr Kunden, Partner und Nutzer. Kontakt Coater GmbH Georgswerder Bogen 7 21109 Hamburg +49 174 38 98 480 info@coater.com GESCH\u00c4FTSF\u00dcHRER Chousein Giourouk Streitschlichtung Wir sind nicht bereit oder verpflichtet, an Streitbeilegungsverfahren vor einer Verbraucherschlichtungsstelle teilzunehmen. \u00a0 Haftung f\u00fcr Inhalte Als Diensteanbieter sind wir gem\u00e4\u00df \u00a7 7 Abs.1 DDG f\u00fcr [&hellip;]<\/p>\n","protected":false},"author":1,"featured_media":0,"parent":0,"menu_order":0,"comment_status":"closed","ping_status":"closed","template":"elementor_header_footer","meta":{"_acf_changed":false,"footnotes":""},"class_list":["post-21","page","type-page","status-publish","hentry"],"acf":[],"yoast_head":"<!-- This site is optimized with the Yoast SEO plugin v27.3 - https:\/\/yoast.com\/product\/yoast-seo-wordpress\/ -->\n<title>Impressum - COATER | Premium Beschichtungsl\u00f6sungen mit h\u00f6chster Pr\u00e4zision<\/title>\n<meta name=\"robots\" content=\"index, follow, max-snippet:-1, max-image-preview:large, max-video-preview:-1\" \/>\n<link rel=\"canonical\" href=\"https:\/\/www.coater.com\/hr\/otisak\/\" \/>\n<meta property=\"og:locale\" content=\"hr_HR\" \/>\n<meta property=\"og:type\" content=\"article\" \/>\n<meta property=\"og:title\" content=\"Impressum - COATER | Premium Beschichtungsl\u00f6sungen mit h\u00f6chster Pr\u00e4zision\" \/>\n<meta property=\"og:description\" content=\"Impressum Verl\u00e4ssliche Informationen und transparente Angaben f\u00fcr Kunden, Partner und Nutzer. Kontakt Coater GmbH Georgswerder Bogen 7 21109 Hamburg +49 174 38 98 480 info@coater.com GESCH\u00c4FTSF\u00dcHRER Chousein Giourouk Streitschlichtung Wir sind nicht bereit oder verpflichtet, an Streitbeilegungsverfahren vor einer Verbraucherschlichtungsstelle teilzunehmen. \u00a0 Haftung f\u00fcr Inhalte Als Diensteanbieter sind wir gem\u00e4\u00df \u00a7 7 Abs.1 DDG f\u00fcr [&hellip;]\" \/>\n<meta property=\"og:url\" content=\"https:\/\/www.coater.com\/hr\/otisak\/\" \/>\n<meta property=\"og:site_name\" content=\"COATER | Premium Beschichtungsl\u00f6sungen mit h\u00f6chster Pr\u00e4zision\" \/>\n<meta property=\"article:modified_time\" content=\"2025-08-06T20:52:13+00:00\" \/>\n<meta property=\"og:image\" content=\"https:\/\/www.coater.com\/wp-content\/uploads\/2025\/07\/down-blue-shape-up.svg\" \/>\n<meta name=\"twitter:card\" content=\"summary_large_image\" \/>\n<meta name=\"twitter:label1\" content=\"Procijenjeno vrijeme \u010ditanja\" \/>\n\t<meta name=\"twitter:data1\" content=\"2 minute\" \/>\n<script type=\"application\/ld+json\" class=\"yoast-schema-graph\">{\"@context\":\"https:\\\/\\\/schema.org\",\"@graph\":[{\"@type\":\"WebPage\",\"@id\":\"https:\\\/\\\/www.coater.com\\\/impressum\\\/\",\"url\":\"https:\\\/\\\/www.coater.com\\\/impressum\\\/\",\"name\":\"Impressum - COATER | Premium Beschichtungsl\u00f6sungen mit h\u00f6chster Pr\u00e4zision\",\"isPartOf\":{\"@id\":\"https:\\\/\\\/www.coater.com\\\/#website\"},\"primaryImageOfPage\":{\"@id\":\"https:\\\/\\\/www.coater.com\\\/impressum\\\/#primaryimage\"},\"image\":{\"@id\":\"https:\\\/\\\/www.coater.com\\\/impressum\\\/#primaryimage\"},\"thumbnailUrl\":\"https:\\\/\\\/www.coater.com\\\/wp-content\\\/uploads\\\/2025\\\/07\\\/down-blue-shape-up.svg\",\"datePublished\":\"2025-07-04T08:23:32+00:00\",\"dateModified\":\"2025-08-06T20:52:13+00:00\",\"breadcrumb\":{\"@id\":\"https:\\\/\\\/www.coater.com\\\/impressum\\\/#breadcrumb\"},\"inLanguage\":\"hr\",\"potentialAction\":[{\"@type\":\"ReadAction\",\"target\":[\"https:\\\/\\\/www.coater.com\\\/impressum\\\/\"]}]},{\"@type\":\"ImageObject\",\"inLanguage\":\"hr\",\"@id\":\"https:\\\/\\\/www.coater.com\\\/impressum\\\/#primaryimage\",\"url\":\"https:\\\/\\\/www.coater.com\\\/wp-content\\\/uploads\\\/2025\\\/07\\\/down-blue-shape-up.svg\",\"contentUrl\":\"https:\\\/\\\/www.coater.com\\\/wp-content\\\/uploads\\\/2025\\\/07\\\/down-blue-shape-up.svg\"},{\"@type\":\"BreadcrumbList\",\"@id\":\"https:\\\/\\\/www.coater.com\\\/impressum\\\/#breadcrumb\",\"itemListElement\":[{\"@type\":\"ListItem\",\"position\":1,\"name\":\"Home\",\"item\":\"https:\\\/\\\/www.coater.com\\\/\"},{\"@type\":\"ListItem\",\"position\":2,\"name\":\"Impressum\"}]},{\"@type\":\"WebSite\",\"@id\":\"https:\\\/\\\/www.coater.com\\\/#website\",\"url\":\"https:\\\/\\\/www.coater.com\\\/\",\"name\":\"COATER | Premium Beschichtungsl\u00f6sungen mit h\u00f6chster Pr\u00e4zision\",\"description\":\"Spezialist f\u00fcr industrielle Hochleistungsbeschichtungen. ISO-zertifizierte L\u00f6sungen f\u00fcr Schifffahrt, Luftfahrt, Industrie, Infrastruktur &amp; Raumfahrttechnik.\",\"potentialAction\":[{\"@type\":\"SearchAction\",\"target\":{\"@type\":\"EntryPoint\",\"urlTemplate\":\"https:\\\/\\\/www.coater.com\\\/?s={search_term_string}\"},\"query-input\":{\"@type\":\"PropertyValueSpecification\",\"valueRequired\":true,\"valueName\":\"search_term_string\"}}],\"inLanguage\":\"hr\"}]}<\/script>\n<!-- \/ Yoast SEO plugin. -->","yoast_head_json":{"title":"Otisak - COATER | Vrhunska rje\u0161enja za premazivanje s najve\u0107om precizno\u0161\u0107u","robots":{"index":"index","follow":"follow","max-snippet":"max-snippet:-1","max-image-preview":"max-image-preview:large","max-video-preview":"max-video-preview:-1"},"canonical":"https:\/\/www.coater.com\/hr\/otisak\/","og_locale":"hr_HR","og_type":"article","og_title":"Impressum - COATER | Premium Beschichtungsl\u00f6sungen mit h\u00f6chster Pr\u00e4zision","og_description":"Impressum Verl\u00e4ssliche Informationen und transparente Angaben f\u00fcr Kunden, Partner und Nutzer. Kontakt Coater GmbH Georgswerder Bogen 7 21109 Hamburg +49 174 38 98 480 info@coater.com GESCH\u00c4FTSF\u00dcHRER Chousein Giourouk Streitschlichtung Wir sind nicht bereit oder verpflichtet, an Streitbeilegungsverfahren vor einer Verbraucherschlichtungsstelle teilzunehmen. \u00a0 Haftung f\u00fcr Inhalte Als Diensteanbieter sind wir gem\u00e4\u00df \u00a7 7 Abs.1 DDG f\u00fcr [&hellip;]","og_url":"https:\/\/www.coater.com\/hr\/otisak\/","og_site_name":"COATER | Premium Beschichtungsl\u00f6sungen mit h\u00f6chster Pr\u00e4zision","article_modified_time":"2025-08-06T20:52:13+00:00","og_image":[{"url":"https:\/\/www.coater.com\/wp-content\/uploads\/2025\/07\/down-blue-shape-up.svg","type":"","width":"","height":""}],"twitter_card":"summary_large_image","twitter_misc":{"Procijenjeno vrijeme \u010ditanja":"2 minute"},"schema":{"@context":"https:\/\/schema.org","@graph":[{"@type":"WebPage","@id":"https:\/\/www.coater.com\/impressum\/","url":"https:\/\/www.coater.com\/impressum\/","name":"Otisak - COATER | Vrhunska rje\u0161enja za premazivanje s najve\u0107om precizno\u0161\u0107u","isPartOf":{"@id":"https:\/\/www.coater.com\/#website"},"primaryImageOfPage":{"@id":"https:\/\/www.coater.com\/impressum\/#primaryimage"},"image":{"@id":"https:\/\/www.coater.com\/impressum\/#primaryimage"},"thumbnailUrl":"https:\/\/www.coater.com\/wp-content\/uploads\/2025\/07\/down-blue-shape-up.svg","datePublished":"2025-07-04T08:23:32+00:00","dateModified":"2025-08-06T20:52:13+00:00","breadcrumb":{"@id":"https:\/\/www.coater.com\/impressum\/#breadcrumb"},"inLanguage":"hr","potentialAction":[{"@type":"ReadAction","target":["https:\/\/www.coater.com\/impressum\/"]}]},{"@type":"ImageObject","inLanguage":"hr","@id":"https:\/\/www.coater.com\/impressum\/#primaryimage","url":"https:\/\/www.coater.com\/wp-content\/uploads\/2025\/07\/down-blue-shape-up.svg","contentUrl":"https:\/\/www.coater.com\/wp-content\/uploads\/2025\/07\/down-blue-shape-up.svg"},{"@type":"BreadcrumbList","@id":"https:\/\/www.coater.com\/impressum\/#breadcrumb","itemListElement":[{"@type":"ListItem","position":1,"name":"Home","item":"https:\/\/www.coater.com\/"},{"@type":"ListItem","position":2,"name":"Impressum"}]},{"@type":"WebSite","@id":"https:\/\/www.coater.com\/#website","url":"https:\/\/www.coater.com\/","name":"PREMAZIVAC | Vrhunska rje\u0161enja za premazivanje s najve\u0107om precizno\u0161\u0107u","description":"Specijalist za visokou\u010dinkovite industrijske premaze. ISO-certificirana rje\u0161enja za brodarstvo, zrakoplovstvo, industriju, infrastrukturu i zrakoplovstvo.","potentialAction":[{"@type":"SearchAction","target":{"@type":"EntryPoint","urlTemplate":"https:\/\/www.coater.com\/?s={search_term_string}"},"query-input":{"@type":"PropertyValueSpecification","valueRequired":true,"valueName":"search_term_string"}}],"inLanguage":"hr"}]}},"_links":{"self":[{"href":"https:\/\/www.coater.com\/hr\/wp-json\/wp\/v2\/pages\/21","targetHints":{"allow":["GET"]}}],"collection":[{"href":"https:\/\/www.coater.com\/hr\/wp-json\/wp\/v2\/pages"}],"about":[{"href":"https:\/\/www.coater.com\/hr\/wp-json\/wp\/v2\/types\/page"}],"author":[{"embeddable":true,"href":"https:\/\/www.coater.com\/hr\/wp-json\/wp\/v2\/users\/1"}],"replies":[{"embeddable":true,"href":"https:\/\/www.coater.com\/hr\/wp-json\/wp\/v2\/comments?post=21"}],"version-history":[{"count":0,"href":"https:\/\/www.coater.com\/hr\/wp-json\/wp\/v2\/pages\/21\/revisions"}],"wp:attachment":[{"href":"https:\/\/www.coater.com\/hr\/wp-json\/wp\/v2\/media?parent=21"}],"curies":[{"name":"radni list","href":"https:\/\/api.w.org\/{rel}","templated":true}]}}