{"id":21,"date":"2025-07-04T08:23:32","date_gmt":"2025-07-04T08:23:32","guid":{"rendered":"https:\/\/www.coater.com\/?page_id=21"},"modified":"2025-08-06T20:52:13","modified_gmt":"2025-08-06T20:52:13","slug":"painatus","status":"publish","type":"page","link":"https:\/\/www.coater.com\/fi\/impressum\/","title":{"rendered":"J\u00e4lki"},"content":{"rendered":"<div data-elementor-type=\"wp-page\" data-elementor-id=\"21\" class=\"elementor elementor-21\" data-elementor-post-type=\"page\">\n\t\t\t\t<div class=\"elementor-element elementor-element-44e24a3 banner_container e-flex e-con-boxed e-con e-parent\" data-id=\"44e24a3\" data-element_type=\"container\" data-e-type=\"container\" data-settings=\"{&quot;background_background&quot;:&quot;classic&quot;}\">\n\t\t\t\t\t<div class=\"e-con-inner\">\n\t\t<div class=\"elementor-element elementor-element-40e7bba e-con-full e-flex e-con e-child\" data-id=\"40e7bba\" data-element_type=\"container\" data-e-type=\"container\">\n\t\t\t\t<div class=\"elementor-element elementor-element-eed7e7d shape_img elementor-widget elementor-widget-image\" data-id=\"eed7e7d\" data-element_type=\"widget\" data-e-type=\"widget\" data-widget_type=\"image.default\">\n\t\t\t\t\t\t\t\t\t\t\t\t\t\t\t<img fetchpriority=\"high\" decoding=\"async\" width=\"269\" height=\"269\" src=\"https:\/\/www.coater.com\/wp-content\/uploads\/2025\/07\/down-blue-shape-up.svg\" class=\"attachment-large size-large wp-image-745\" alt=\"\" \/>\t\t\t\t\t\t\t\t\t\t\t\t\t\t\t<\/div>\n\t\t<div class=\"elementor-element elementor-element-ff2beaa e-con-full banner_wraper e-flex e-con e-child\" data-id=\"ff2beaa\" data-element_type=\"container\" data-e-type=\"container\">\n\t\t\t\t<div class=\"elementor-element elementor-element-799720d banner_image elementor-widget elementor-widget-image\" data-id=\"799720d\" data-element_type=\"widget\" data-e-type=\"widget\" data-widget_type=\"image.default\">\n\t\t\t\t\t\t\t\t\t\t\t\t\t\t\t<img decoding=\"async\" width=\"1500\" height=\"420\" src=\"https:\/\/www.coater.com\/wp-content\/uploads\/2025\/07\/cubemedia_Antifouling-Beschichtung_wird_von_Handwerkern_in_weie.jpg\" class=\"attachment-large size-large wp-image-620\" alt=\"Coater GmbH:n asiantuntija suorittaa ammattimaisesti laivojen pinnoitusta. Erikoistunut laivapinnoitteisiin ja korroosiosuojaukseen.\" srcset=\"https:\/\/www.coater.com\/wp-content\/uploads\/2025\/07\/cubemedia_Antifouling-Beschichtung_wird_von_Handwerkern_in_weie.jpg 1500w, https:\/\/www.coater.com\/wp-content\/uploads\/2025\/07\/cubemedia_Antifouling-Beschichtung_wird_von_Handwerkern_in_weie-768x215.jpg 768w\" sizes=\"(max-width: 1500px) 100vw, 1500px\" \/>\t\t\t\t\t\t\t\t\t\t\t\t\t\t\t<\/div>\n\t\t<div class=\"elementor-element elementor-element-023c250 e-con-full banner_overlay e-flex e-con e-child\" data-id=\"023c250\" data-element_type=\"container\" data-e-type=\"container\">\n\t\t\t\t<\/div>\n\t\t<div class=\"elementor-element elementor-element-1b7cb6c blog_banner_wraper e-flex e-con-boxed e-con e-child\" data-id=\"1b7cb6c\" data-element_type=\"container\" data-e-type=\"container\">\n\t\t\t\t\t<div class=\"e-con-inner\">\n\t\t<div class=\"elementor-element elementor-element-7ecbb0c e-con-full e-flex e-con e-child\" data-id=\"7ecbb0c\" data-element_type=\"container\" data-e-type=\"container\">\n\t\t\t\t<div class=\"elementor-element elementor-element-e816111 elementor-widget elementor-widget-heading\" data-id=\"e816111\" data-element_type=\"widget\" data-e-type=\"widget\" data-widget_type=\"heading.default\">\n\t\t\t\t\t<h1 class=\"elementor-heading-title elementor-size-default\">J\u00e4lki<\/h1>\t\t\t\t<\/div>\n\t\t\t\t<div class=\"elementor-element elementor-element-ebdc02f elementor-widget__width-initial elementor-widget elementor-widget-heading\" data-id=\"ebdc02f\" data-element_type=\"widget\" data-e-type=\"widget\" data-widget_type=\"heading.default\">\n\t\t\t\t\t<p class=\"elementor-heading-title elementor-size-default\">Luotettavaa tietoa ja l\u00e4pin\u00e4kyvi\u00e4 tietoja asiakkaille, kumppaneille ja k\u00e4ytt\u00e4jille.<\/p>\t\t\t\t<\/div>\n\t\t\t\t<\/div>\n\t\t\t\t\t<\/div>\n\t\t\t\t<\/div>\n\t\t\t\t<\/div>\n\t\t\t\t<\/div>\n\t\t\t\t\t<\/div>\n\t\t\t\t<\/div>\n\t\t<div class=\"elementor-element elementor-element-82bc026 e-flex e-con-boxed e-con e-parent\" data-id=\"82bc026\" data-element_type=\"container\" data-e-type=\"container\">\n\t\t\t\t\t<div class=\"e-con-inner\">\n\t\t<div class=\"elementor-element elementor-element-a570c7b e-con-full e-flex e-con e-child\" data-id=\"a570c7b\" data-element_type=\"container\" data-e-type=\"container\" data-settings=\"{&quot;background_background&quot;:&quot;classic&quot;}\">\n\t\t<div class=\"elementor-element elementor-element-a6ecdb0 e-flex e-con-boxed e-con e-child\" data-id=\"a6ecdb0\" data-element_type=\"container\" data-e-type=\"container\">\n\t\t\t\t\t<div class=\"e-con-inner\">\n\t\t<div class=\"elementor-element elementor-element-8f98bb1 e-con-full e-flex e-con e-child\" data-id=\"8f98bb1\" data-element_type=\"container\" data-e-type=\"container\">\n\t\t<div class=\"elementor-element elementor-element-01b1a85 e-con-full e-flex e-con e-child\" data-id=\"01b1a85\" data-element_type=\"container\" data-e-type=\"container\">\n\t\t\t\t<div class=\"elementor-element elementor-element-c5c58c9 elementor-widget elementor-widget-heading\" data-id=\"c5c58c9\" data-element_type=\"widget\" data-e-type=\"widget\" data-widget_type=\"heading.default\">\n\t\t\t\t\t<h2 class=\"elementor-heading-title elementor-size-default\">Ota yhteytt\u00e4<\/h2>\t\t\t\t<\/div>\n\t\t\t\t<\/div>\n\t\t<div class=\"elementor-element elementor-element-c7c9800 e-con-full e-flex e-con e-child\" data-id=\"c7c9800\" data-element_type=\"container\" data-e-type=\"container\">\n\t\t<div class=\"elementor-element elementor-element-3b724a7 e-con-full e-flex e-con e-child\" data-id=\"3b724a7\" data-element_type=\"container\" data-e-type=\"container\">\n\t\t<div class=\"elementor-element elementor-element-170c35d e-con-full e-flex e-con e-child\" data-id=\"170c35d\" data-element_type=\"container\" data-e-type=\"container\">\n\t\t\t\t<div class=\"elementor-element elementor-element-40110ed elementor-widget elementor-widget-heading\" data-id=\"40110ed\" data-element_type=\"widget\" data-e-type=\"widget\" data-widget_type=\"heading.default\">\n\t\t\t\t\t<h4 class=\"elementor-heading-title elementor-size-default\">Coater GmbH<\/h4>\t\t\t\t<\/div>\n\t\t\t\t<div class=\"elementor-element elementor-element-8e9cf3b elementor-widget elementor-widget-heading\" data-id=\"8e9cf3b\" data-element_type=\"widget\" data-e-type=\"widget\" data-widget_type=\"heading.default\">\n\t\t\t\t\t<p class=\"elementor-heading-title elementor-size-default\">Georgswerder Bogen 7\n21109 Hampuri<\/p>\t\t\t\t<\/div>\n\t\t\t\t<div class=\"elementor-element elementor-element-16c203b elementor-widget elementor-widget-heading\" data-id=\"16c203b\" data-element_type=\"widget\" data-e-type=\"widget\" data-widget_type=\"heading.default\">\n\t\t\t\t\t<div class=\"elementor-heading-title elementor-size-default\"><a href=\"tel:+491743898480\">+49 174 38 98 480<\/a><\/div>\t\t\t\t<\/div>\n\t\t\t\t<div class=\"elementor-element elementor-element-d7a94c9 elementor-widget elementor-widget-heading\" data-id=\"d7a94c9\" data-element_type=\"widget\" data-e-type=\"widget\" data-widget_type=\"heading.default\">\n\t\t\t\t\t<div class=\"elementor-heading-title elementor-size-default\"><a href=\"mailto:info@coater.com\">info@coater.com<\/a><\/div>\t\t\t\t<\/div>\n\t\t\t\t<\/div>\n\t\t\t\t<\/div>\n\t\t<div class=\"elementor-element elementor-element-bae344f e-con-full e-flex e-con e-child\" data-id=\"bae344f\" data-element_type=\"container\" data-e-type=\"container\">\n\t\t<div class=\"elementor-element elementor-element-5370459 e-con-full e-flex e-con e-child\" data-id=\"5370459\" data-element_type=\"container\" data-e-type=\"container\">\n\t\t\t\t<div class=\"elementor-element elementor-element-5a98734 elementor-widget elementor-widget-heading\" data-id=\"5a98734\" data-element_type=\"widget\" data-e-type=\"widget\" data-widget_type=\"heading.default\">\n\t\t\t\t\t<h4 class=\"elementor-heading-title elementor-size-default\">TOIMITUSJOHTAJA<\/h4>\t\t\t\t<\/div>\n\t\t\t\t<div class=\"elementor-element elementor-element-674748d elementor-widget elementor-widget-heading\" data-id=\"674748d\" data-element_type=\"widget\" data-e-type=\"widget\" data-widget_type=\"heading.default\">\n\t\t\t\t\t<p class=\"elementor-heading-title elementor-size-default\">Chousein Giourouk<\/p>\t\t\t\t<\/div>\n\t\t\t\t<\/div>\n\t\t\t\t<\/div>\n\t\t\t\t<\/div>\n\t\t\t\t<\/div>\n\t\t\t\t\t<\/div>\n\t\t\t\t<\/div>\n\t\t\t\t<\/div>\n\t\t\t\t\t<\/div>\n\t\t\t\t<\/div>\n\t\t<div class=\"elementor-element elementor-element-d9eadf0 e-flex e-con-boxed e-con e-parent\" data-id=\"d9eadf0\" data-element_type=\"container\" data-e-type=\"container\">\n\t\t\t\t\t<div class=\"e-con-inner\">\n\t\t<div class=\"elementor-element elementor-element-1d07c1c e-con-full e-flex e-con e-child\" data-id=\"1d07c1c\" data-element_type=\"container\" data-e-type=\"container\">\n\t\t\t\t<div class=\"elementor-element elementor-element-5fe01da elementor-widget__width-initial elementor-widget-mobile_extra__width-initial elementor-widget elementor-widget-heading\" data-id=\"5fe01da\" data-element_type=\"widget\" data-e-type=\"widget\" data-widget_type=\"heading.default\">\n\t\t\t\t\t<h2 class=\"elementor-heading-title elementor-size-default\">Riitojen ratkaiseminen<\/h2>\t\t\t\t<\/div>\n\t\t<div class=\"elementor-element elementor-element-301a23b e-con-full term_content_wraper e-flex e-con e-child\" data-id=\"301a23b\" data-element_type=\"container\" data-e-type=\"container\">\n\t\t\t\t<div class=\"elementor-element elementor-element-950e5af elementor-widget elementor-widget-text-editor\" data-id=\"950e5af\" data-element_type=\"widget\" data-e-type=\"widget\" data-widget_type=\"text-editor.default\">\n\t\t\t\t\t\t\t\t\t<div class=\"item\"><p>Emme ole halukkaita tai velvollisia osallistumaan riidanratkaisumenettelyyn kuluttajasovittelulautakunnassa.<\/p><\/div><div class=\"item\">\u00a0<\/div>\t\t\t\t\t\t\t\t<\/div>\n\t\t\t\t<\/div>\n\t\t\t\t<\/div>\n\t\t<div class=\"elementor-element elementor-element-9c79aba e-con-full e-flex e-con e-child\" data-id=\"9c79aba\" data-element_type=\"container\" data-e-type=\"container\">\n\t\t\t\t<div class=\"elementor-element elementor-element-1e21f77 elementor-widget__width-initial elementor-widget elementor-widget-heading\" data-id=\"1e21f77\" data-element_type=\"widget\" data-e-type=\"widget\" data-widget_type=\"heading.default\">\n\t\t\t\t\t<h2 class=\"elementor-heading-title elementor-size-default\">Vastuu sis\u00e4ll\u00f6st\u00e4<\/h2>\t\t\t\t<\/div>\n\t\t<div class=\"elementor-element elementor-element-484a8b9 e-con-full term_content_wraper e-flex e-con e-child\" data-id=\"484a8b9\" data-element_type=\"container\" data-e-type=\"container\">\n\t\t\t\t<div class=\"elementor-element elementor-element-b8acdfd elementor-widget elementor-widget-text-editor\" data-id=\"b8acdfd\" data-element_type=\"widget\" data-e-type=\"widget\" data-widget_type=\"text-editor.default\">\n\t\t\t\t\t\t\t\t\t<p>Palveluntarjoajana olemme vastuussa n\u00e4iden sivujen sis\u00e4ll\u00f6st\u00e4 DDG:n 7 \u00a7:n 1 momentin ja yleisen lains\u00e4\u00e4d\u00e4nn\u00f6n mukaisesti. DDG:n 8-10 \u00a7:n mukaan palveluntarjoajana emme kuitenkaan ole velvollisia valvomaan siirrettyj\u00e4 tai tallennettuja kolmansien osapuolten tietoja tai tutkimaan olosuhteita, jotka viittaavat laittomaan toimintaan.<\/p><p>T\u00e4m\u00e4 ei vaikuta yleisen lains\u00e4\u00e4d\u00e4nn\u00f6n mukaisiin velvollisuuksiin poistaa tai est\u00e4\u00e4 tietojen k\u00e4ytt\u00f6. Vastuu t\u00e4ss\u00e4 suhteessa on kuitenkin mahdollista vasta siit\u00e4 l\u00e4htien, kun saamme tiet\u00e4\u00e4 tietyst\u00e4 rikkomuksesta. Heti kun saamme tiet\u00e4\u00e4 t\u00e4llaisista rikkomuksista, poistamme kyseisen sis\u00e4ll\u00f6n v\u00e4litt\u00f6m\u00e4sti.<\/p>\t\t\t\t\t\t\t\t<\/div>\n\t\t\t\t<\/div>\n\t\t\t\t<\/div>\n\t\t<div class=\"elementor-element elementor-element-a3f755c e-con-full e-flex e-con e-child\" data-id=\"a3f755c\" data-element_type=\"container\" data-e-type=\"container\">\n\t\t\t\t<div class=\"elementor-element elementor-element-8381a92 elementor-widget__width-initial elementor-widget elementor-widget-heading\" data-id=\"8381a92\" data-element_type=\"widget\" data-e-type=\"widget\" data-widget_type=\"heading.default\">\n\t\t\t\t\t<h2 class=\"elementor-heading-title elementor-size-default\">Linkkien vastuu<\/h2>\t\t\t\t<\/div>\n\t\t<div class=\"elementor-element elementor-element-ff214ed e-con-full term_content_wraper e-flex e-con e-child\" data-id=\"ff214ed\" data-element_type=\"container\" data-e-type=\"container\">\n\t\t\t\t<div class=\"elementor-element elementor-element-33d0fdf elementor-widget elementor-widget-text-editor\" data-id=\"33d0fdf\" data-element_type=\"widget\" data-e-type=\"widget\" data-widget_type=\"text-editor.default\">\n\t\t\t\t\t\t\t\t\t<p>Verkkosivustomme sis\u00e4lt\u00e4\u00e4 linkkej\u00e4 kolmansien osapuolten ulkopuolisille verkkosivustoille, joiden sis\u00e4lt\u00f6\u00f6n emme voi vaikuttaa. Siksi emme voi ottaa mit\u00e4\u00e4n vastuuta n\u00e4ist\u00e4 kolmansien osapuolten sis\u00e4ll\u00f6ist\u00e4. Linkitettyjen sivujen sis\u00e4ll\u00f6st\u00e4 on aina vastuussa kyseisten sivujen tarjoaja tai yll\u00e4pit\u00e4j\u00e4. Linkitetyt sivut on tarkistettu mahdollisten lainrikkomusten varalta linkitt\u00e4mishetkell\u00e4. Laitonta sis\u00e4lt\u00f6\u00e4 ei ollut tunnistettavissa linkitt\u00e4mishetkell\u00e4.<\/p>\t\t\t\t\t\t\t\t<\/div>\n\t\t\t\t<\/div>\n\t\t\t\t<\/div>\n\t\t<div class=\"elementor-element elementor-element-a251ed6 e-con-full e-flex e-con e-child\" data-id=\"a251ed6\" data-element_type=\"container\" data-e-type=\"container\">\n\t\t\t\t<div class=\"elementor-element elementor-element-da475da elementor-widget__width-initial elementor-widget elementor-widget-heading\" data-id=\"da475da\" data-element_type=\"widget\" data-e-type=\"widget\" data-widget_type=\"heading.default\">\n\t\t\t\t\t<h2 class=\"elementor-heading-title elementor-size-default\">COPYRIGHT<\/h2>\t\t\t\t<\/div>\n\t\t<div class=\"elementor-element elementor-element-5aee964 e-con-full term_content_wraper e-flex e-con e-child\" data-id=\"5aee964\" data-element_type=\"container\" data-e-type=\"container\">\n\t\t\t\t<div class=\"elementor-element elementor-element-2787734 elementor-widget elementor-widget-text-editor\" data-id=\"2787734\" data-element_type=\"widget\" data-e-type=\"widget\" data-widget_type=\"text-editor.default\">\n\t\t\t\t\t\t\t\t\t<p>Sivuston yll\u00e4pit\u00e4jien n\u00e4ill\u00e4 sivuilla luoma sis\u00e4lt\u00f6 ja teokset ovat Saksan tekij\u00e4noikeuslain alaisia. Monistaminen, k\u00e4sittely, jakelu ja kaikenlainen k\u00e4ytt\u00f6 tekij\u00e4noikeuslain rajojen ulkopuolella edellytt\u00e4\u00e4 asianomaisen tekij\u00e4n tai luojan kirjallista suostumusta. T\u00e4m\u00e4n sivuston lataaminen ja kopioiminen on sallittua vain yksityiseen, ei-kaupalliseen k\u00e4ytt\u00f6\u00f6n.<\/p><p>Silt\u00e4 osin kuin t\u00e4m\u00e4n sivuston sis\u00e4lt\u00f6 ei ole operaattorin luomaa, kolmansien osapuolten tekij\u00e4noikeuksia kunnioitetaan. Erityisesti kolmansien osapuolten sis\u00e4lt\u00f6 on merkitty sellaiseksi. Jos kuitenkin havaitset tekij\u00e4noikeusrikkomuksen, ilmoita siit\u00e4 meille. Jos saamme tiet\u00e4\u00e4 tekij\u00e4noikeusrikkomuksista, poistamme t\u00e4llaisen sis\u00e4ll\u00f6n v\u00e4litt\u00f6m\u00e4sti.<\/p><p>Linkitettyjen sivujen sis\u00e4ll\u00f6n jatkuva seuranta ei kuitenkaan ole j\u00e4rkev\u00e4\u00e4 ilman konkreettisia todisteita rikkomuksesta. Jos saamme tietoiseksi lainrikkomuksista, poistamme t\u00e4llaiset linkit v\u00e4litt\u00f6m\u00e4sti.<\/p>\t\t\t\t\t\t\t\t<\/div>\n\t\t\t\t<\/div>\n\t\t\t\t<\/div>\n\t\t\t\t\t<\/div>\n\t\t\t\t<\/div>\n\t\t\t\t<\/div>","protected":false},"excerpt":{"rendered":"<p>Impressum Verl\u00e4ssliche Informationen und transparente Angaben f\u00fcr Kunden, Partner und Nutzer. Kontakt Coater GmbH Georgswerder Bogen 7 21109 Hamburg +49 174 38 98 480 info@coater.com GESCH\u00c4FTSF\u00dcHRER Chousein Giourouk Streitschlichtung Wir sind nicht bereit oder verpflichtet, an Streitbeilegungsverfahren vor einer Verbraucherschlichtungsstelle teilzunehmen. \u00a0 Haftung f\u00fcr Inhalte Als Diensteanbieter sind wir gem\u00e4\u00df \u00a7 7 Abs.1 DDG f\u00fcr [&hellip;]<\/p>\n","protected":false},"author":1,"featured_media":0,"parent":0,"menu_order":0,"comment_status":"closed","ping_status":"closed","template":"elementor_header_footer","meta":{"_acf_changed":false,"footnotes":""},"class_list":["post-21","page","type-page","status-publish","hentry"],"acf":[],"yoast_head":"<!-- This site is optimized with the Yoast SEO plugin v27.3 - https:\/\/yoast.com\/product\/yoast-seo-wordpress\/ -->\n<title>Impressum - COATER | Premium Beschichtungsl\u00f6sungen mit h\u00f6chster Pr\u00e4zision<\/title>\n<meta name=\"robots\" content=\"index, follow, max-snippet:-1, max-image-preview:large, max-video-preview:-1\" \/>\n<link rel=\"canonical\" href=\"https:\/\/www.coater.com\/fi\/painatus\/\" \/>\n<meta property=\"og:locale\" content=\"fi_FI\" \/>\n<meta property=\"og:type\" content=\"article\" \/>\n<meta property=\"og:title\" content=\"Impressum - COATER | Premium Beschichtungsl\u00f6sungen mit h\u00f6chster Pr\u00e4zision\" \/>\n<meta property=\"og:description\" content=\"Impressum Verl\u00e4ssliche Informationen und transparente Angaben f\u00fcr Kunden, Partner und Nutzer. Kontakt Coater GmbH Georgswerder Bogen 7 21109 Hamburg +49 174 38 98 480 info@coater.com GESCH\u00c4FTSF\u00dcHRER Chousein Giourouk Streitschlichtung Wir sind nicht bereit oder verpflichtet, an Streitbeilegungsverfahren vor einer Verbraucherschlichtungsstelle teilzunehmen. \u00a0 Haftung f\u00fcr Inhalte Als Diensteanbieter sind wir gem\u00e4\u00df \u00a7 7 Abs.1 DDG f\u00fcr [&hellip;]\" \/>\n<meta property=\"og:url\" content=\"https:\/\/www.coater.com\/fi\/painatus\/\" \/>\n<meta property=\"og:site_name\" content=\"COATER | Premium Beschichtungsl\u00f6sungen mit h\u00f6chster Pr\u00e4zision\" \/>\n<meta property=\"article:modified_time\" content=\"2025-08-06T20:52:13+00:00\" \/>\n<meta property=\"og:image\" content=\"https:\/\/www.coater.com\/wp-content\/uploads\/2025\/07\/down-blue-shape-up.svg\" \/>\n<meta name=\"twitter:card\" content=\"summary_large_image\" \/>\n<meta name=\"twitter:label1\" content=\"Arvioitu lukuaika\" \/>\n\t<meta name=\"twitter:data1\" content=\"2 minuuttia\" \/>\n<script type=\"application\/ld+json\" class=\"yoast-schema-graph\">{\"@context\":\"https:\\\/\\\/schema.org\",\"@graph\":[{\"@type\":\"WebPage\",\"@id\":\"https:\\\/\\\/www.coater.com\\\/impressum\\\/\",\"url\":\"https:\\\/\\\/www.coater.com\\\/impressum\\\/\",\"name\":\"Impressum - COATER | Premium Beschichtungsl\u00f6sungen mit h\u00f6chster Pr\u00e4zision\",\"isPartOf\":{\"@id\":\"https:\\\/\\\/www.coater.com\\\/#website\"},\"primaryImageOfPage\":{\"@id\":\"https:\\\/\\\/www.coater.com\\\/impressum\\\/#primaryimage\"},\"image\":{\"@id\":\"https:\\\/\\\/www.coater.com\\\/impressum\\\/#primaryimage\"},\"thumbnailUrl\":\"https:\\\/\\\/www.coater.com\\\/wp-content\\\/uploads\\\/2025\\\/07\\\/down-blue-shape-up.svg\",\"datePublished\":\"2025-07-04T08:23:32+00:00\",\"dateModified\":\"2025-08-06T20:52:13+00:00\",\"breadcrumb\":{\"@id\":\"https:\\\/\\\/www.coater.com\\\/impressum\\\/#breadcrumb\"},\"inLanguage\":\"fi\",\"potentialAction\":[{\"@type\":\"ReadAction\",\"target\":[\"https:\\\/\\\/www.coater.com\\\/impressum\\\/\"]}]},{\"@type\":\"ImageObject\",\"inLanguage\":\"fi\",\"@id\":\"https:\\\/\\\/www.coater.com\\\/impressum\\\/#primaryimage\",\"url\":\"https:\\\/\\\/www.coater.com\\\/wp-content\\\/uploads\\\/2025\\\/07\\\/down-blue-shape-up.svg\",\"contentUrl\":\"https:\\\/\\\/www.coater.com\\\/wp-content\\\/uploads\\\/2025\\\/07\\\/down-blue-shape-up.svg\"},{\"@type\":\"BreadcrumbList\",\"@id\":\"https:\\\/\\\/www.coater.com\\\/impressum\\\/#breadcrumb\",\"itemListElement\":[{\"@type\":\"ListItem\",\"position\":1,\"name\":\"Home\",\"item\":\"https:\\\/\\\/www.coater.com\\\/\"},{\"@type\":\"ListItem\",\"position\":2,\"name\":\"Impressum\"}]},{\"@type\":\"WebSite\",\"@id\":\"https:\\\/\\\/www.coater.com\\\/#website\",\"url\":\"https:\\\/\\\/www.coater.com\\\/\",\"name\":\"COATER | Premium Beschichtungsl\u00f6sungen mit h\u00f6chster Pr\u00e4zision\",\"description\":\"Spezialist f\u00fcr industrielle Hochleistungsbeschichtungen. ISO-zertifizierte L\u00f6sungen f\u00fcr Schifffahrt, Luftfahrt, Industrie, Infrastruktur &amp; Raumfahrttechnik.\",\"potentialAction\":[{\"@type\":\"SearchAction\",\"target\":{\"@type\":\"EntryPoint\",\"urlTemplate\":\"https:\\\/\\\/www.coater.com\\\/?s={search_term_string}\"},\"query-input\":{\"@type\":\"PropertyValueSpecification\",\"valueRequired\":true,\"valueName\":\"search_term_string\"}}],\"inLanguage\":\"fi\"}]}<\/script>\n<!-- \/ Yoast SEO plugin. -->","yoast_head_json":{"title":"J\u00e4lki - COATER | Ensiluokkaiset pinnoitusratkaisut maksimaalisella tarkkuudella","robots":{"index":"index","follow":"follow","max-snippet":"max-snippet:-1","max-image-preview":"max-image-preview:large","max-video-preview":"max-video-preview:-1"},"canonical":"https:\/\/www.coater.com\/fi\/painatus\/","og_locale":"fi_FI","og_type":"article","og_title":"Impressum - COATER | Premium Beschichtungsl\u00f6sungen mit h\u00f6chster Pr\u00e4zision","og_description":"Impressum Verl\u00e4ssliche Informationen und transparente Angaben f\u00fcr Kunden, Partner und Nutzer. Kontakt Coater GmbH Georgswerder Bogen 7 21109 Hamburg +49 174 38 98 480 info@coater.com GESCH\u00c4FTSF\u00dcHRER Chousein Giourouk Streitschlichtung Wir sind nicht bereit oder verpflichtet, an Streitbeilegungsverfahren vor einer Verbraucherschlichtungsstelle teilzunehmen. \u00a0 Haftung f\u00fcr Inhalte Als Diensteanbieter sind wir gem\u00e4\u00df \u00a7 7 Abs.1 DDG f\u00fcr [&hellip;]","og_url":"https:\/\/www.coater.com\/fi\/painatus\/","og_site_name":"COATER | Premium Beschichtungsl\u00f6sungen mit h\u00f6chster Pr\u00e4zision","article_modified_time":"2025-08-06T20:52:13+00:00","og_image":[{"url":"https:\/\/www.coater.com\/wp-content\/uploads\/2025\/07\/down-blue-shape-up.svg","type":"","width":"","height":""}],"twitter_card":"summary_large_image","twitter_misc":{"Arvioitu lukuaika":"2 minuuttia"},"schema":{"@context":"https:\/\/schema.org","@graph":[{"@type":"WebPage","@id":"https:\/\/www.coater.com\/impressum\/","url":"https:\/\/www.coater.com\/impressum\/","name":"J\u00e4lki - COATER | Ensiluokkaiset pinnoitusratkaisut maksimaalisella tarkkuudella","isPartOf":{"@id":"https:\/\/www.coater.com\/#website"},"primaryImageOfPage":{"@id":"https:\/\/www.coater.com\/impressum\/#primaryimage"},"image":{"@id":"https:\/\/www.coater.com\/impressum\/#primaryimage"},"thumbnailUrl":"https:\/\/www.coater.com\/wp-content\/uploads\/2025\/07\/down-blue-shape-up.svg","datePublished":"2025-07-04T08:23:32+00:00","dateModified":"2025-08-06T20:52:13+00:00","breadcrumb":{"@id":"https:\/\/www.coater.com\/impressum\/#breadcrumb"},"inLanguage":"fi","potentialAction":[{"@type":"ReadAction","target":["https:\/\/www.coater.com\/impressum\/"]}]},{"@type":"ImageObject","inLanguage":"fi","@id":"https:\/\/www.coater.com\/impressum\/#primaryimage","url":"https:\/\/www.coater.com\/wp-content\/uploads\/2025\/07\/down-blue-shape-up.svg","contentUrl":"https:\/\/www.coater.com\/wp-content\/uploads\/2025\/07\/down-blue-shape-up.svg"},{"@type":"BreadcrumbList","@id":"https:\/\/www.coater.com\/impressum\/#breadcrumb","itemListElement":[{"@type":"ListItem","position":1,"name":"Home","item":"https:\/\/www.coater.com\/"},{"@type":"ListItem","position":2,"name":"Impressum"}]},{"@type":"WebSite","@id":"https:\/\/www.coater.com\/#website","url":"https:\/\/www.coater.com\/","name":"COATER | Ensiluokkaiset pinnoitusratkaisut maksimaalisella tarkkuudella","description":"Erikoisasiantuntija teollisille korkean suorituskyvyn pinnoitteille. ISO-sertifioidut ratkaisut merenkulkuun, ilmailuun, teollisuuteen, infrastruktuuriin ja avaruusteknologiaan.","potentialAction":[{"@type":"SearchAction","target":{"@type":"EntryPoint","urlTemplate":"https:\/\/www.coater.com\/?s={search_term_string}"},"query-input":{"@type":"PropertyValueSpecification","valueRequired":true,"valueName":"search_term_string"}}],"inLanguage":"fi"}]}},"_links":{"self":[{"href":"https:\/\/www.coater.com\/fi\/wp-json\/wp\/v2\/pages\/21","targetHints":{"allow":["GET"]}}],"collection":[{"href":"https:\/\/www.coater.com\/fi\/wp-json\/wp\/v2\/pages"}],"about":[{"href":"https:\/\/www.coater.com\/fi\/wp-json\/wp\/v2\/types\/page"}],"author":[{"embeddable":true,"href":"https:\/\/www.coater.com\/fi\/wp-json\/wp\/v2\/users\/1"}],"replies":[{"embeddable":true,"href":"https:\/\/www.coater.com\/fi\/wp-json\/wp\/v2\/comments?post=21"}],"version-history":[{"count":0,"href":"https:\/\/www.coater.com\/fi\/wp-json\/wp\/v2\/pages\/21\/revisions"}],"wp:attachment":[{"href":"https:\/\/www.coater.com\/fi\/wp-json\/wp\/v2\/media?parent=21"}],"curies":[{"name":"wp","href":"https:\/\/api.w.org\/{rel}","templated":true}]}}