{"id":21,"date":"2025-07-04T08:23:32","date_gmt":"2025-07-04T08:23:32","guid":{"rendered":"https:\/\/www.coater.com\/?page_id=21"},"modified":"2025-08-06T20:52:13","modified_gmt":"2025-08-06T20:52:13","slug":"imprimir","status":"publish","type":"page","link":"https:\/\/www.coater.com\/es\/impressum\/","title":{"rendered":"Pie de imprenta"},"content":{"rendered":"<div data-elementor-type=\"wp-page\" data-elementor-id=\"21\" class=\"elementor elementor-21\" data-elementor-post-type=\"page\">\n\t\t\t\t<div class=\"elementor-element elementor-element-44e24a3 banner_container e-flex e-con-boxed e-con e-parent\" data-id=\"44e24a3\" data-element_type=\"container\" data-e-type=\"container\" data-settings=\"{&quot;background_background&quot;:&quot;classic&quot;}\">\n\t\t\t\t\t<div class=\"e-con-inner\">\n\t\t<div class=\"elementor-element elementor-element-40e7bba e-con-full e-flex e-con e-child\" data-id=\"40e7bba\" data-element_type=\"container\" data-e-type=\"container\">\n\t\t\t\t<div class=\"elementor-element elementor-element-eed7e7d shape_img elementor-widget elementor-widget-image\" data-id=\"eed7e7d\" data-element_type=\"widget\" data-e-type=\"widget\" data-widget_type=\"image.default\">\n\t\t\t\t\t\t\t\t\t\t\t\t\t\t\t<img fetchpriority=\"high\" decoding=\"async\" width=\"269\" height=\"269\" src=\"https:\/\/www.coater.com\/wp-content\/uploads\/2025\/07\/down-blue-shape-up.svg\" class=\"attachment-large size-large wp-image-745\" alt=\"\" \/>\t\t\t\t\t\t\t\t\t\t\t\t\t\t\t<\/div>\n\t\t<div class=\"elementor-element elementor-element-ff2beaa e-con-full banner_wraper e-flex e-con e-child\" data-id=\"ff2beaa\" data-element_type=\"container\" data-e-type=\"container\">\n\t\t\t\t<div class=\"elementor-element elementor-element-799720d banner_image elementor-widget elementor-widget-image\" data-id=\"799720d\" data-element_type=\"widget\" data-e-type=\"widget\" data-widget_type=\"image.default\">\n\t\t\t\t\t\t\t\t\t\t\t\t\t\t\t<img decoding=\"async\" width=\"1500\" height=\"420\" src=\"https:\/\/www.coater.com\/wp-content\/uploads\/2025\/07\/cubemedia_Antifouling-Beschichtung_wird_von_Handwerkern_in_weie.jpg\" class=\"attachment-large size-large wp-image-620\" alt=\"Especialista de Coater GmbH realiza revestimientos profesionales de buques. Especializado en revestimientos marinos y protecci\u00f3n contra la corrosi\u00f3n.\" srcset=\"https:\/\/www.coater.com\/wp-content\/uploads\/2025\/07\/cubemedia_Antifouling-Beschichtung_wird_von_Handwerkern_in_weie.jpg 1500w, https:\/\/www.coater.com\/wp-content\/uploads\/2025\/07\/cubemedia_Antifouling-Beschichtung_wird_von_Handwerkern_in_weie-768x215.jpg 768w\" sizes=\"(max-width: 1500px) 100vw, 1500px\" \/>\t\t\t\t\t\t\t\t\t\t\t\t\t\t\t<\/div>\n\t\t<div class=\"elementor-element elementor-element-023c250 e-con-full banner_overlay e-flex e-con e-child\" data-id=\"023c250\" data-element_type=\"container\" data-e-type=\"container\">\n\t\t\t\t<\/div>\n\t\t<div class=\"elementor-element elementor-element-1b7cb6c blog_banner_wraper e-flex e-con-boxed e-con e-child\" data-id=\"1b7cb6c\" data-element_type=\"container\" data-e-type=\"container\">\n\t\t\t\t\t<div class=\"e-con-inner\">\n\t\t<div class=\"elementor-element elementor-element-7ecbb0c e-con-full e-flex e-con e-child\" data-id=\"7ecbb0c\" data-element_type=\"container\" data-e-type=\"container\">\n\t\t\t\t<div class=\"elementor-element elementor-element-e816111 elementor-widget elementor-widget-heading\" data-id=\"e816111\" data-element_type=\"widget\" data-e-type=\"widget\" data-widget_type=\"heading.default\">\n\t\t\t\t\t<h1 class=\"elementor-heading-title elementor-size-default\">Pie de imprenta<\/h1>\t\t\t\t<\/div>\n\t\t\t\t<div class=\"elementor-element elementor-element-ebdc02f elementor-widget__width-initial elementor-widget elementor-widget-heading\" data-id=\"ebdc02f\" data-element_type=\"widget\" data-e-type=\"widget\" data-widget_type=\"heading.default\">\n\t\t\t\t\t<p class=\"elementor-heading-title elementor-size-default\">Informaci\u00f3n fiable y detalles transparentes para clientes, socios y usuarios.<\/p>\t\t\t\t<\/div>\n\t\t\t\t<\/div>\n\t\t\t\t\t<\/div>\n\t\t\t\t<\/div>\n\t\t\t\t<\/div>\n\t\t\t\t<\/div>\n\t\t\t\t\t<\/div>\n\t\t\t\t<\/div>\n\t\t<div class=\"elementor-element elementor-element-82bc026 e-flex e-con-boxed e-con e-parent\" data-id=\"82bc026\" data-element_type=\"container\" data-e-type=\"container\">\n\t\t\t\t\t<div class=\"e-con-inner\">\n\t\t<div class=\"elementor-element elementor-element-a570c7b e-con-full e-flex e-con e-child\" data-id=\"a570c7b\" data-element_type=\"container\" data-e-type=\"container\" data-settings=\"{&quot;background_background&quot;:&quot;classic&quot;}\">\n\t\t<div class=\"elementor-element elementor-element-a6ecdb0 e-flex e-con-boxed e-con e-child\" data-id=\"a6ecdb0\" data-element_type=\"container\" data-e-type=\"container\">\n\t\t\t\t\t<div class=\"e-con-inner\">\n\t\t<div class=\"elementor-element elementor-element-8f98bb1 e-con-full e-flex e-con e-child\" data-id=\"8f98bb1\" data-element_type=\"container\" data-e-type=\"container\">\n\t\t<div class=\"elementor-element elementor-element-01b1a85 e-con-full e-flex e-con e-child\" data-id=\"01b1a85\" data-element_type=\"container\" data-e-type=\"container\">\n\t\t\t\t<div class=\"elementor-element elementor-element-c5c58c9 elementor-widget elementor-widget-heading\" data-id=\"c5c58c9\" data-element_type=\"widget\" data-e-type=\"widget\" data-widget_type=\"heading.default\">\n\t\t\t\t\t<h2 class=\"elementor-heading-title elementor-size-default\">P\u00f3ngase en contacto con nosotros<\/h2>\t\t\t\t<\/div>\n\t\t\t\t<\/div>\n\t\t<div class=\"elementor-element elementor-element-c7c9800 e-con-full e-flex e-con e-child\" data-id=\"c7c9800\" data-element_type=\"container\" data-e-type=\"container\">\n\t\t<div class=\"elementor-element elementor-element-3b724a7 e-con-full e-flex e-con e-child\" data-id=\"3b724a7\" data-element_type=\"container\" data-e-type=\"container\">\n\t\t<div class=\"elementor-element elementor-element-170c35d e-con-full e-flex e-con e-child\" data-id=\"170c35d\" data-element_type=\"container\" data-e-type=\"container\">\n\t\t\t\t<div class=\"elementor-element elementor-element-40110ed elementor-widget elementor-widget-heading\" data-id=\"40110ed\" data-element_type=\"widget\" data-e-type=\"widget\" data-widget_type=\"heading.default\">\n\t\t\t\t\t<h4 class=\"elementor-heading-title elementor-size-default\">Coater GmbH<\/h4>\t\t\t\t<\/div>\n\t\t\t\t<div class=\"elementor-element elementor-element-8e9cf3b elementor-widget elementor-widget-heading\" data-id=\"8e9cf3b\" data-element_type=\"widget\" data-e-type=\"widget\" data-widget_type=\"heading.default\">\n\t\t\t\t\t<p class=\"elementor-heading-title elementor-size-default\">Georgswerder Bogen 7\n21109 Hamburgo<\/p>\t\t\t\t<\/div>\n\t\t\t\t<div class=\"elementor-element elementor-element-16c203b elementor-widget elementor-widget-heading\" data-id=\"16c203b\" data-element_type=\"widget\" data-e-type=\"widget\" data-widget_type=\"heading.default\">\n\t\t\t\t\t<div class=\"elementor-heading-title elementor-size-default\"><a href=\"tel:+491743898480\">+49 174 38 98 480<\/a><\/div>\t\t\t\t<\/div>\n\t\t\t\t<div class=\"elementor-element elementor-element-d7a94c9 elementor-widget elementor-widget-heading\" data-id=\"d7a94c9\" data-element_type=\"widget\" data-e-type=\"widget\" data-widget_type=\"heading.default\">\n\t\t\t\t\t<div class=\"elementor-heading-title elementor-size-default\"><a href=\"mailto:info@coater.com\">info@coater.com<\/a><\/div>\t\t\t\t<\/div>\n\t\t\t\t<\/div>\n\t\t\t\t<\/div>\n\t\t<div class=\"elementor-element elementor-element-bae344f e-con-full e-flex e-con e-child\" data-id=\"bae344f\" data-element_type=\"container\" data-e-type=\"container\">\n\t\t<div class=\"elementor-element elementor-element-5370459 e-con-full e-flex e-con e-child\" data-id=\"5370459\" data-element_type=\"container\" data-e-type=\"container\">\n\t\t\t\t<div class=\"elementor-element elementor-element-5a98734 elementor-widget elementor-widget-heading\" data-id=\"5a98734\" data-element_type=\"widget\" data-e-type=\"widget\" data-widget_type=\"heading.default\">\n\t\t\t\t\t<h4 class=\"elementor-heading-title elementor-size-default\">DIRECTOR GENERAL<\/h4>\t\t\t\t<\/div>\n\t\t\t\t<div class=\"elementor-element elementor-element-674748d elementor-widget elementor-widget-heading\" data-id=\"674748d\" data-element_type=\"widget\" data-e-type=\"widget\" data-widget_type=\"heading.default\">\n\t\t\t\t\t<p class=\"elementor-heading-title elementor-size-default\">Chousein Giourouk<\/p>\t\t\t\t<\/div>\n\t\t\t\t<\/div>\n\t\t\t\t<\/div>\n\t\t\t\t<\/div>\n\t\t\t\t<\/div>\n\t\t\t\t\t<\/div>\n\t\t\t\t<\/div>\n\t\t\t\t<\/div>\n\t\t\t\t\t<\/div>\n\t\t\t\t<\/div>\n\t\t<div class=\"elementor-element elementor-element-d9eadf0 e-flex e-con-boxed e-con e-parent\" data-id=\"d9eadf0\" data-element_type=\"container\" data-e-type=\"container\">\n\t\t\t\t\t<div class=\"e-con-inner\">\n\t\t<div class=\"elementor-element elementor-element-1d07c1c e-con-full e-flex e-con e-child\" data-id=\"1d07c1c\" data-element_type=\"container\" data-e-type=\"container\">\n\t\t\t\t<div class=\"elementor-element elementor-element-5fe01da elementor-widget__width-initial elementor-widget-mobile_extra__width-initial elementor-widget elementor-widget-heading\" data-id=\"5fe01da\" data-element_type=\"widget\" data-e-type=\"widget\" data-widget_type=\"heading.default\">\n\t\t\t\t\t<h2 class=\"elementor-heading-title elementor-size-default\">Resoluci\u00f3n de litigios<\/h2>\t\t\t\t<\/div>\n\t\t<div class=\"elementor-element elementor-element-301a23b e-con-full term_content_wraper e-flex e-con e-child\" data-id=\"301a23b\" data-element_type=\"container\" data-e-type=\"container\">\n\t\t\t\t<div class=\"elementor-element elementor-element-950e5af elementor-widget elementor-widget-text-editor\" data-id=\"950e5af\" data-element_type=\"widget\" data-e-type=\"widget\" data-widget_type=\"text-editor.default\">\n\t\t\t\t\t\t\t\t\t<div class=\"item\"><p>No estamos dispuestos ni obligados a participar en procedimientos de resoluci\u00f3n de litigios ante una junta arbitral de consumo.<\/p><\/div><div class=\"item\">\u00a0<\/div>\t\t\t\t\t\t\t\t<\/div>\n\t\t\t\t<\/div>\n\t\t\t\t<\/div>\n\t\t<div class=\"elementor-element elementor-element-9c79aba e-con-full e-flex e-con e-child\" data-id=\"9c79aba\" data-element_type=\"container\" data-e-type=\"container\">\n\t\t\t\t<div class=\"elementor-element elementor-element-1e21f77 elementor-widget__width-initial elementor-widget elementor-widget-heading\" data-id=\"1e21f77\" data-element_type=\"widget\" data-e-type=\"widget\" data-widget_type=\"heading.default\">\n\t\t\t\t\t<h2 class=\"elementor-heading-title elementor-size-default\">Responsabilidad por los contenidos<\/h2>\t\t\t\t<\/div>\n\t\t<div class=\"elementor-element elementor-element-484a8b9 e-con-full term_content_wraper e-flex e-con e-child\" data-id=\"484a8b9\" data-element_type=\"container\" data-e-type=\"container\">\n\t\t\t\t<div class=\"elementor-element elementor-element-b8acdfd elementor-widget elementor-widget-text-editor\" data-id=\"b8acdfd\" data-element_type=\"widget\" data-e-type=\"widget\" data-widget_type=\"text-editor.default\">\n\t\t\t\t\t\t\t\t\t<p>Como proveedor de servicios, somos responsables de nuestros propios contenidos en estas p\u00e1ginas de acuerdo con el art\u00edculo 7 (1) DDG y la legislaci\u00f3n general. Sin embargo, seg\u00fan los \u00a7\u00a7 8 a 10 DDG, como proveedor de servicios no estamos obligados a supervisar la informaci\u00f3n ajena transmitida o almacenada ni a investigar circunstancias que indiquen una actividad ilegal.<\/p><p>Esto no afecta a las obligaciones de eliminar o bloquear el uso de informaci\u00f3n de conformidad con la legislaci\u00f3n general. Sin embargo, la responsabilidad a este respecto s\u00f3lo ser\u00e1 posible a partir del momento en que tengamos conocimiento de una infracci\u00f3n concreta. En cuanto tengamos conocimiento de tales infracciones, eliminaremos inmediatamente estos contenidos.<\/p>\t\t\t\t\t\t\t\t<\/div>\n\t\t\t\t<\/div>\n\t\t\t\t<\/div>\n\t\t<div class=\"elementor-element elementor-element-a3f755c e-con-full e-flex e-con e-child\" data-id=\"a3f755c\" data-element_type=\"container\" data-e-type=\"container\">\n\t\t\t\t<div class=\"elementor-element elementor-element-8381a92 elementor-widget__width-initial elementor-widget elementor-widget-heading\" data-id=\"8381a92\" data-element_type=\"widget\" data-e-type=\"widget\" data-widget_type=\"heading.default\">\n\t\t\t\t\t<h2 class=\"elementor-heading-title elementor-size-default\">Responsabilidad de los enlaces<\/h2>\t\t\t\t<\/div>\n\t\t<div class=\"elementor-element elementor-element-ff214ed e-con-full term_content_wraper e-flex e-con e-child\" data-id=\"ff214ed\" data-element_type=\"container\" data-e-type=\"container\">\n\t\t\t\t<div class=\"elementor-element elementor-element-33d0fdf elementor-widget elementor-widget-text-editor\" data-id=\"33d0fdf\" data-element_type=\"widget\" data-e-type=\"widget\" data-widget_type=\"text-editor.default\">\n\t\t\t\t\t\t\t\t\t<p>Nuestro sitio web contiene enlaces a sitios web externos de terceros sobre cuyo contenido no tenemos ninguna influencia. Por lo tanto, no podemos aceptar ninguna responsabilidad por este contenido de terceros. El respectivo proveedor u operador de las p\u00e1ginas es siempre responsable del contenido de las p\u00e1ginas enlazadas. Las p\u00e1ginas enlazadas fueron revisadas en el momento de enlazarlas para detectar posibles infracciones legales. En el momento de establecer el enlace no se detectaron contenidos ilegales.<\/p>\t\t\t\t\t\t\t\t<\/div>\n\t\t\t\t<\/div>\n\t\t\t\t<\/div>\n\t\t<div class=\"elementor-element elementor-element-a251ed6 e-con-full e-flex e-con e-child\" data-id=\"a251ed6\" data-element_type=\"container\" data-e-type=\"container\">\n\t\t\t\t<div class=\"elementor-element elementor-element-da475da elementor-widget__width-initial elementor-widget elementor-widget-heading\" data-id=\"da475da\" data-element_type=\"widget\" data-e-type=\"widget\" data-widget_type=\"heading.default\">\n\t\t\t\t\t<h2 class=\"elementor-heading-title elementor-size-default\">COPYRIGHT<\/h2>\t\t\t\t<\/div>\n\t\t<div class=\"elementor-element elementor-element-5aee964 e-con-full term_content_wraper e-flex e-con e-child\" data-id=\"5aee964\" data-element_type=\"container\" data-e-type=\"container\">\n\t\t\t\t<div class=\"elementor-element elementor-element-2787734 elementor-widget elementor-widget-text-editor\" data-id=\"2787734\" data-element_type=\"widget\" data-e-type=\"widget\" data-widget_type=\"text-editor.default\">\n\t\t\t\t\t\t\t\t\t<p>Los contenidos y obras creados por los operadores de estas p\u00e1ginas est\u00e1n sujetos a la legislaci\u00f3n alemana sobre derechos de autor. La reproducci\u00f3n, el procesamiento, la distribuci\u00f3n y cualquier tipo de utilizaci\u00f3n fuera de los l\u00edmites de la ley de derechos de autor requieren el consentimiento por escrito del respectivo autor o creador. Las descargas y copias de este sitio s\u00f3lo est\u00e1n permitidas para uso privado y no comercial.<\/p><p>En la medida en que el contenido de este sitio no haya sido creado por el operador, se respetan los derechos de autor de terceros. En particular, los contenidos de terceros est\u00e1n etiquetados como tales. No obstante, si tiene conocimiento de una infracci\u00f3n de los derechos de autor, le rogamos que nos lo comunique. Si tenemos conocimiento de alguna infracci\u00f3n, eliminaremos inmediatamente dicho contenido.<\/p><p>Sin embargo, no es razonable un control permanente del contenido de las p\u00e1ginas enlazadas sin pruebas concretas de una infracci\u00f3n. Si tenemos conocimiento de alguna infracci\u00f3n legal, eliminaremos dichos enlaces inmediatamente.<\/p>\t\t\t\t\t\t\t\t<\/div>\n\t\t\t\t<\/div>\n\t\t\t\t<\/div>\n\t\t\t\t\t<\/div>\n\t\t\t\t<\/div>\n\t\t\t\t<\/div>","protected":false},"excerpt":{"rendered":"<p>Impressum Verl\u00e4ssliche Informationen und transparente Angaben f\u00fcr Kunden, Partner und Nutzer. Kontakt Coater GmbH Georgswerder Bogen 7 21109 Hamburg +49 174 38 98 480 info@coater.com GESCH\u00c4FTSF\u00dcHRER Chousein Giourouk Streitschlichtung Wir sind nicht bereit oder verpflichtet, an Streitbeilegungsverfahren vor einer Verbraucherschlichtungsstelle teilzunehmen. \u00a0 Haftung f\u00fcr Inhalte Als Diensteanbieter sind wir gem\u00e4\u00df \u00a7 7 Abs.1 DDG f\u00fcr [&hellip;]<\/p>\n","protected":false},"author":1,"featured_media":0,"parent":0,"menu_order":0,"comment_status":"closed","ping_status":"closed","template":"elementor_header_footer","meta":{"_acf_changed":false,"footnotes":""},"class_list":["post-21","page","type-page","status-publish","hentry"],"acf":[],"yoast_head":"<!-- This site is optimized with the Yoast SEO plugin v27.3 - https:\/\/yoast.com\/product\/yoast-seo-wordpress\/ -->\n<title>Impressum - COATER | Premium Beschichtungsl\u00f6sungen mit h\u00f6chster Pr\u00e4zision<\/title>\n<meta name=\"robots\" content=\"index, follow, max-snippet:-1, max-image-preview:large, max-video-preview:-1\" \/>\n<link rel=\"canonical\" href=\"https:\/\/www.coater.com\/es\/imprimir\/\" \/>\n<meta property=\"og:locale\" content=\"es_ES\" \/>\n<meta property=\"og:type\" content=\"article\" \/>\n<meta property=\"og:title\" content=\"Impressum - COATER | Premium Beschichtungsl\u00f6sungen mit h\u00f6chster Pr\u00e4zision\" \/>\n<meta property=\"og:description\" content=\"Impressum Verl\u00e4ssliche Informationen und transparente Angaben f\u00fcr Kunden, Partner und Nutzer. Kontakt Coater GmbH Georgswerder Bogen 7 21109 Hamburg +49 174 38 98 480 info@coater.com GESCH\u00c4FTSF\u00dcHRER Chousein Giourouk Streitschlichtung Wir sind nicht bereit oder verpflichtet, an Streitbeilegungsverfahren vor einer Verbraucherschlichtungsstelle teilzunehmen. \u00a0 Haftung f\u00fcr Inhalte Als Diensteanbieter sind wir gem\u00e4\u00df \u00a7 7 Abs.1 DDG f\u00fcr [&hellip;]\" \/>\n<meta property=\"og:url\" content=\"https:\/\/www.coater.com\/es\/imprimir\/\" \/>\n<meta property=\"og:site_name\" content=\"COATER | Premium Beschichtungsl\u00f6sungen mit h\u00f6chster Pr\u00e4zision\" \/>\n<meta property=\"article:modified_time\" content=\"2025-08-06T20:52:13+00:00\" \/>\n<meta property=\"og:image\" content=\"https:\/\/www.coater.com\/wp-content\/uploads\/2025\/07\/down-blue-shape-up.svg\" \/>\n<meta name=\"twitter:card\" content=\"summary_large_image\" \/>\n<meta name=\"twitter:label1\" content=\"Tiempo de lectura\" \/>\n\t<meta name=\"twitter:data1\" content=\"2 minutos\" \/>\n<script type=\"application\/ld+json\" class=\"yoast-schema-graph\">{\"@context\":\"https:\\\/\\\/schema.org\",\"@graph\":[{\"@type\":\"WebPage\",\"@id\":\"https:\\\/\\\/www.coater.com\\\/impressum\\\/\",\"url\":\"https:\\\/\\\/www.coater.com\\\/impressum\\\/\",\"name\":\"Impressum - COATER | Premium Beschichtungsl\u00f6sungen mit h\u00f6chster Pr\u00e4zision\",\"isPartOf\":{\"@id\":\"https:\\\/\\\/www.coater.com\\\/#website\"},\"primaryImageOfPage\":{\"@id\":\"https:\\\/\\\/www.coater.com\\\/impressum\\\/#primaryimage\"},\"image\":{\"@id\":\"https:\\\/\\\/www.coater.com\\\/impressum\\\/#primaryimage\"},\"thumbnailUrl\":\"https:\\\/\\\/www.coater.com\\\/wp-content\\\/uploads\\\/2025\\\/07\\\/down-blue-shape-up.svg\",\"datePublished\":\"2025-07-04T08:23:32+00:00\",\"dateModified\":\"2025-08-06T20:52:13+00:00\",\"breadcrumb\":{\"@id\":\"https:\\\/\\\/www.coater.com\\\/impressum\\\/#breadcrumb\"},\"inLanguage\":\"es\",\"potentialAction\":[{\"@type\":\"ReadAction\",\"target\":[\"https:\\\/\\\/www.coater.com\\\/impressum\\\/\"]}]},{\"@type\":\"ImageObject\",\"inLanguage\":\"es\",\"@id\":\"https:\\\/\\\/www.coater.com\\\/impressum\\\/#primaryimage\",\"url\":\"https:\\\/\\\/www.coater.com\\\/wp-content\\\/uploads\\\/2025\\\/07\\\/down-blue-shape-up.svg\",\"contentUrl\":\"https:\\\/\\\/www.coater.com\\\/wp-content\\\/uploads\\\/2025\\\/07\\\/down-blue-shape-up.svg\"},{\"@type\":\"BreadcrumbList\",\"@id\":\"https:\\\/\\\/www.coater.com\\\/impressum\\\/#breadcrumb\",\"itemListElement\":[{\"@type\":\"ListItem\",\"position\":1,\"name\":\"Home\",\"item\":\"https:\\\/\\\/www.coater.com\\\/\"},{\"@type\":\"ListItem\",\"position\":2,\"name\":\"Impressum\"}]},{\"@type\":\"WebSite\",\"@id\":\"https:\\\/\\\/www.coater.com\\\/#website\",\"url\":\"https:\\\/\\\/www.coater.com\\\/\",\"name\":\"COATER | Premium Beschichtungsl\u00f6sungen mit h\u00f6chster Pr\u00e4zision\",\"description\":\"Spezialist f\u00fcr industrielle Hochleistungsbeschichtungen. ISO-zertifizierte L\u00f6sungen f\u00fcr Schifffahrt, Luftfahrt, Industrie, Infrastruktur &amp; Raumfahrttechnik.\",\"potentialAction\":[{\"@type\":\"SearchAction\",\"target\":{\"@type\":\"EntryPoint\",\"urlTemplate\":\"https:\\\/\\\/www.coater.com\\\/?s={search_term_string}\"},\"query-input\":{\"@type\":\"PropertyValueSpecification\",\"valueRequired\":true,\"valueName\":\"search_term_string\"}}],\"inLanguage\":\"es\"}]}<\/script>\n<!-- \/ Yoast SEO plugin. -->","yoast_head_json":{"title":"Pie de imprenta - COATER | Soluciones de recubrimiento de primera calidad con la m\u00e1xima precisi\u00f3n","robots":{"index":"index","follow":"follow","max-snippet":"max-snippet:-1","max-image-preview":"max-image-preview:large","max-video-preview":"max-video-preview:-1"},"canonical":"https:\/\/www.coater.com\/es\/imprimir\/","og_locale":"es_ES","og_type":"article","og_title":"Impressum - COATER | Premium Beschichtungsl\u00f6sungen mit h\u00f6chster Pr\u00e4zision","og_description":"Impressum Verl\u00e4ssliche Informationen und transparente Angaben f\u00fcr Kunden, Partner und Nutzer. Kontakt Coater GmbH Georgswerder Bogen 7 21109 Hamburg +49 174 38 98 480 info@coater.com GESCH\u00c4FTSF\u00dcHRER Chousein Giourouk Streitschlichtung Wir sind nicht bereit oder verpflichtet, an Streitbeilegungsverfahren vor einer Verbraucherschlichtungsstelle teilzunehmen. \u00a0 Haftung f\u00fcr Inhalte Als Diensteanbieter sind wir gem\u00e4\u00df \u00a7 7 Abs.1 DDG f\u00fcr [&hellip;]","og_url":"https:\/\/www.coater.com\/es\/imprimir\/","og_site_name":"COATER | Premium Beschichtungsl\u00f6sungen mit h\u00f6chster Pr\u00e4zision","article_modified_time":"2025-08-06T20:52:13+00:00","og_image":[{"url":"https:\/\/www.coater.com\/wp-content\/uploads\/2025\/07\/down-blue-shape-up.svg","type":"","width":"","height":""}],"twitter_card":"summary_large_image","twitter_misc":{"Tiempo de lectura":"2 minutos"},"schema":{"@context":"https:\/\/schema.org","@graph":[{"@type":"WebPage","@id":"https:\/\/www.coater.com\/impressum\/","url":"https:\/\/www.coater.com\/impressum\/","name":"Pie de imprenta - COATER | Soluciones de recubrimiento de primera calidad con la m\u00e1xima precisi\u00f3n","isPartOf":{"@id":"https:\/\/www.coater.com\/#website"},"primaryImageOfPage":{"@id":"https:\/\/www.coater.com\/impressum\/#primaryimage"},"image":{"@id":"https:\/\/www.coater.com\/impressum\/#primaryimage"},"thumbnailUrl":"https:\/\/www.coater.com\/wp-content\/uploads\/2025\/07\/down-blue-shape-up.svg","datePublished":"2025-07-04T08:23:32+00:00","dateModified":"2025-08-06T20:52:13+00:00","breadcrumb":{"@id":"https:\/\/www.coater.com\/impressum\/#breadcrumb"},"inLanguage":"es","potentialAction":[{"@type":"ReadAction","target":["https:\/\/www.coater.com\/impressum\/"]}]},{"@type":"ImageObject","inLanguage":"es","@id":"https:\/\/www.coater.com\/impressum\/#primaryimage","url":"https:\/\/www.coater.com\/wp-content\/uploads\/2025\/07\/down-blue-shape-up.svg","contentUrl":"https:\/\/www.coater.com\/wp-content\/uploads\/2025\/07\/down-blue-shape-up.svg"},{"@type":"BreadcrumbList","@id":"https:\/\/www.coater.com\/impressum\/#breadcrumb","itemListElement":[{"@type":"ListItem","position":1,"name":"Home","item":"https:\/\/www.coater.com\/"},{"@type":"ListItem","position":2,"name":"Impressum"}]},{"@type":"WebSite","@id":"https:\/\/www.coater.com\/#website","url":"https:\/\/www.coater.com\/","name":"COATER | Soluciones de recubrimiento de primera calidad con la m\u00e1xima precisi\u00f3n","description":"Especialista en revestimientos industriales de alto rendimiento. Soluciones con certificaci\u00f3n ISO para el transporte mar\u00edtimo, la aviaci\u00f3n, la industria, las infraestructuras y la tecnolog\u00eda aeroespacial.","potentialAction":[{"@type":"SearchAction","target":{"@type":"EntryPoint","urlTemplate":"https:\/\/www.coater.com\/?s={search_term_string}"},"query-input":{"@type":"PropertyValueSpecification","valueRequired":true,"valueName":"search_term_string"}}],"inLanguage":"es"}]}},"_links":{"self":[{"href":"https:\/\/www.coater.com\/es\/wp-json\/wp\/v2\/pages\/21","targetHints":{"allow":["GET"]}}],"collection":[{"href":"https:\/\/www.coater.com\/es\/wp-json\/wp\/v2\/pages"}],"about":[{"href":"https:\/\/www.coater.com\/es\/wp-json\/wp\/v2\/types\/page"}],"author":[{"embeddable":true,"href":"https:\/\/www.coater.com\/es\/wp-json\/wp\/v2\/users\/1"}],"replies":[{"embeddable":true,"href":"https:\/\/www.coater.com\/es\/wp-json\/wp\/v2\/comments?post=21"}],"version-history":[{"count":0,"href":"https:\/\/www.coater.com\/es\/wp-json\/wp\/v2\/pages\/21\/revisions"}],"wp:attachment":[{"href":"https:\/\/www.coater.com\/es\/wp-json\/wp\/v2\/media?parent=21"}],"curies":[{"name":"wp","href":"https:\/\/api.w.org\/{rel}","templated":true}]}}